{"id":2302,"date":"2023-04-03T22:46:33","date_gmt":"2023-04-03T22:46:33","guid":{"rendered":"https:\/\/2m-entornosinteractivos.com\/ceipmenuts\/?page_id=2302"},"modified":"2023-04-11T14:00:43","modified_gmt":"2023-04-11T14:00:43","slug":"aviso-legal","status":"publish","type":"page","link":"https:\/\/2m-entornosinteractivos.com\/ceipmenuts\/index.php\/aviso-legal\/","title":{"rendered":"Aviso legal"},"content":{"rendered":"\t\t<div data-elementor-type=\"wp-page\" data-elementor-id=\"2302\" class=\"elementor elementor-2302\">\n\t\t\t\t\t\t\t\t\t<section class=\"elementor-section elementor-top-section elementor-element elementor-element-967c07b elementor-section-full_width elementor-section-height-min-height elementor-section-items-stretch elementor-section-content-middle elementor-section-height-default\" data-id=\"967c07b\" data-element_type=\"section\" data-settings=\"{&quot;background_background&quot;:&quot;classic&quot;}\">\n\t\t\t\t\t\t\t<div class=\"elementor-background-overlay\"><\/div>\n\t\t\t\t\t\t\t<div class=\"elementor-container elementor-column-gap-no\">\n\t\t\t\t\t<div class=\"elementor-column elementor-col-100 elementor-top-column elementor-element elementor-element-164a5d2\" data-id=\"164a5d2\" data-element_type=\"column\">\n\t\t\t<div class=\"elementor-widget-wrap elementor-element-populated\">\n\t\t\t\t\t\t\t\t<div class=\"elementor-element elementor-element-1a84097 elementor-widget elementor-widget-heading\" data-id=\"1a84097\" data-element_type=\"widget\" data-widget_type=\"heading.default\">\n\t\t\t\t<div class=\"elementor-widget-container\">\n\t\t\t<style>\/*! elementor - v3.10.2 - 29-01-2023 *\/\n.elementor-heading-title{padding:0;margin:0;line-height:1}.elementor-widget-heading .elementor-heading-title[class*=elementor-size-]>a{color:inherit;font-size:inherit;line-height:inherit}.elementor-widget-heading .elementor-heading-title.elementor-size-small{font-size:15px}.elementor-widget-heading .elementor-heading-title.elementor-size-medium{font-size:19px}.elementor-widget-heading .elementor-heading-title.elementor-size-large{font-size:29px}.elementor-widget-heading .elementor-heading-title.elementor-size-xl{font-size:39px}.elementor-widget-heading .elementor-heading-title.elementor-size-xxl{font-size:59px}<\/style><h2 class=\"elementor-heading-title elementor-size-xxl\">Aviso Legal<\/h2>\t\t<\/div>\n\t\t\t\t<\/div>\n\t\t\t\t\t<\/div>\n\t\t<\/div>\n\t\t\t\t\t\t\t<\/div>\n\t\t<\/section>\n\t\t\t\t<section class=\"elementor-section elementor-top-section elementor-element elementor-element-31d8f8dc elementor-section-boxed elementor-section-height-default elementor-section-height-default\" data-id=\"31d8f8dc\" data-element_type=\"section\">\n\t\t\t\t\t\t<div class=\"elementor-container elementor-column-gap-default\">\n\t\t\t\t\t<div class=\"elementor-column elementor-col-100 elementor-top-column elementor-element elementor-element-1ed6f41d\" data-id=\"1ed6f41d\" data-element_type=\"column\">\n\t\t\t<div class=\"elementor-widget-wrap elementor-element-populated\">\n\t\t\t\t\t\t\t\t<div class=\"elementor-element elementor-element-29d3ef8f elementor-widget elementor-widget-text-editor\" data-id=\"29d3ef8f\" data-element_type=\"widget\" data-widget_type=\"text-editor.default\">\n\t\t\t\t<div class=\"elementor-widget-container\">\n\t\t\t<style>\/*! elementor - v3.10.2 - 29-01-2023 *\/\n.elementor-widget-text-editor.elementor-drop-cap-view-stacked .elementor-drop-cap{background-color:#818a91;color:#fff}.elementor-widget-text-editor.elementor-drop-cap-view-framed .elementor-drop-cap{color:#818a91;border:3px solid;background-color:transparent}.elementor-widget-text-editor:not(.elementor-drop-cap-view-default) .elementor-drop-cap{margin-top:8px}.elementor-widget-text-editor:not(.elementor-drop-cap-view-default) .elementor-drop-cap-letter{width:1em;height:1em}.elementor-widget-text-editor .elementor-drop-cap{float:left;text-align:center;line-height:1;font-size:50px}.elementor-widget-text-editor .elementor-drop-cap-letter{display:inline-block}<\/style>\t\t\t\t<p><!-- wp:heading --><\/p>\n<h3><strong>Titular del sitio web<\/strong><\/h3>\n<p>Los datos identificativos del responsable del presente sitio web son:<b> Menuts Maspons S.L<\/b> (\u201cCei. Menuts\u201d en adelante) con CIF B<span style=\"color: var( --e-global-color-text ); font-size: 1rem;\">97608814<\/span><span style=\"color: var( --e-global-color-text ); font-size: 1rem;\">, inscrita en el Registro Mercantil de Paiporta, domicilio en c\/ <span class=\"address-street\">C\/ Sant Don\u00eds, 16 bajo\u00a0<\/span><span class=\"address-postal-code\">46200\u00a0<\/span><span class=\"address-locality\">Paiporta Valencia<\/span><\/span><\/p>\n<p>(Informaci\u00f3n facilitada en cumplimiento de lo dispuesto en el art\u00edculo 10 de la Ley 34\/2002 de Servicios de la Sociedad de la Informaci\u00f3n y de Comercio Electr\u00f3nico).<\/p>\n<h3><strong>Condiciones de uso<\/strong><\/h3>\n<p>Las siguientes disposiciones regulan el acceso y uso de este sitio web. La navegaci\u00f3n por este sitio web atribuye la condici\u00f3n de usuario a toda persona f\u00edsica interesada en los productos y servicios de esta p\u00e1gina e implica la aceptaci\u00f3n plena y sin reservas del presente aviso legal.<\/p>\n<p>El usuario acepta de forma expresa y sin excepciones que el acceso y la utilizaci\u00f3n del presente sitio web, de sus servicios y sus contenidos tiene lugar bajo su \u00fanica y exclusiva responsabilidad. En el caso de que el usuario no estuviera de acuerdo con el contenido de las presentes condiciones, deber\u00e1 abandonar este sitio web, no pudiendo disponer de los servicios que se ofrecen.<\/p>\n<p>El acceso a esta web tiene car\u00e1cter libre y gratuito y no requiere suscripci\u00f3n o registro.<\/p>\n<p>El presente aviso legal podr\u00e1 modificarse en cualquier momento, para adecuarlo a cambios legislativos, jurisprudenciales o tecnol\u00f3gicos. Estas modificaciones se considerar\u00e1n notificadas desde su publicaci\u00f3n en esta p\u00e1gina.<\/p>\n<h3><strong>Propiedad intelectual<\/strong><\/h3>\n<p>Todos los derechos sobre el contenido del presente sitio web pertenecen a Cei. Menuts. El dise\u00f1o, contenidos, textos, fotograf\u00edas, im\u00e1genes, mapas, gr\u00e1ficos, marcas, nombres comerciales, ilustraciones, banners, estructura de p\u00e1gina y de navegaci\u00f3n, o c\u00f3digo fuente de este sitio son titularidad de Cei. Menuts, que posee leg\u00edtimamente los derechos de explotaci\u00f3n pertinentes.<\/p>\n<p>Los logotipos de otras sociedades que pudieran aparecer son titularidad de cada una de ellas, disponiendo leg\u00edtimamente los derechos de explotaci\u00f3n sobre los mismos.<\/p>\n<p>En ning\u00fan caso, el usuario que acceda a este sitio web puede copiar, modificar, distribuir, transmitir, reproducir, publicar, ceder, vender los elementos anteriormente mencionados o crear nuevos productos o servicios a partir de la informaci\u00f3n obtenida, a excepci\u00f3n de que cuente con autorizaci\u00f3n expresa y por escrito de Cei. Menuts. Este material est\u00e1 protegido por la legislaci\u00f3n de la propiedad intelectual y su uso indebido puede ser objeto incluso de sanciones penales.<\/p>\n<p>La consulta o descarga de contenidos del sitio no implican la cesi\u00f3n de ning\u00fan derecho de propiedad intelectual sobre los mismos.<\/p>\n<p>Los usuarios responder\u00e1n de los da\u00f1os y perjuicios de cualquier clase que Cei. Menuts pueda sufrir, directa o indirectamente, como consecuencia del incumplimiento de la normativa vigente o de cualquiera de las obligaciones derivadas del uso de este sitio web. Cei. Menuts se reserva cuantos medios o acciones legales le correspondan en defensa de sus leg\u00edtimos derechos de propiedad intelectual e industrial.<\/p>\n<h3><strong>Exenci\u00f3n de responsabilidad<\/strong><\/h3>\n<p>Tratamos de ofrecer informaci\u00f3n \u00fatil y actualizada, pero no podemos garantizar la completa veracidad, exactitud, actualizaci\u00f3n y operatividad de todos los contenidos y servicios. Eludimos por tanto todo tipo de responsabilidad por los posibles da\u00f1os o perjuicios de cualquier \u00edndole que los usuarios pudieran sufrir por la utilizaci\u00f3n de datos incompletos, inexactos o desactualizados, o por la posible suspensi\u00f3n, cancelaci\u00f3n o inoperatividad de sus contenidos o servicios (art 17.1 de la LSSI-CE).<\/p>\n<p>Agradecemos las posibles sugerencias o comentarios que nos ayuden a mejorar el presente sitio web. La utilizaci\u00f3n de los contenidos y servicios de este sitio web se hace bajo la \u00fanica y exclusiva responsabilidad del usuario.<\/p>\n<h3><strong>Enlaces<\/strong><\/h3>\n<p>Los enlaces externos que conducen a otros sitios web se ofrecen sin ning\u00fan \u00e1nimo de lucro con el \u00fanico objetivo de mejorar la informaci\u00f3n al usuario.<\/p>\n<p>Por tanto, no nos hacemos responsables de los contenidos enlazados, ni de las modificaciones que se pudieran realizar en los mismos, ni se garantiza la ausencia de virus u otros elementos en los mismos que puedan producir alteraciones en el sistema inform\u00e1tico, excluyendo cualquier responsabilidad por los da\u00f1os de cualquier clase causados al usuario por este motivo.<\/p>\n<p>En el caso de que un enlace sea considerado inadecuado, puede comunic\u00e1rnoslo por los medios habituales y ser\u00e1 rectificado sin dilaci\u00f3n.<\/p>\n<h3>Jurisdicci\u00f3n aplicable<\/h3>\n<p>Cualquier relaci\u00f3n entre el usuario y Cei. Menuts se regir\u00e1 e interpretar\u00e1 de acuerdo a la legislaci\u00f3n espa\u00f1ola. En caso de conflicto, las partes se someten a los Juzgados y Tribunales que resulten competentes en cada momento y siempre que la legislaci\u00f3n aplicable lo permita y si tuvieran posibilidad de ello, se someter\u00e1n voluntariamente a los Juzgados y Tribunales de Valencia. Para solicitar una aclaraci\u00f3n o enviar una sugerencia, alabanza, queja o comentario, sugerimos el env\u00edo de un correo electr\u00f3nico a <strong>Ceimenuts@gmail.com.<\/strong><span style=\"color: var( --e-global-color-text ); font-size: 1rem;\">\u00a0<\/span><\/p>\n<p><!-- \/wp:paragraph --><\/p>\t\t\t\t\t\t<\/div>\n\t\t\t\t<\/div>\n\t\t\t\t\t<\/div>\n\t\t<\/div>\n\t\t\t\t\t\t\t<\/div>\n\t\t<\/section>\n\t\t\t\t\t\t\t<\/div>\n\t\t","protected":false},"excerpt":{"rendered":"<p>Aviso Legal Titular del sitio web Los datos identificativos del responsable del presente sitio web son: Menuts Maspons S.L (\u201cCei. Menuts\u201d en adelante) con CIF B97608814, inscrita en el Registro Mercantil de Paiporta, domicilio en c\/ C\/ Sant Don\u00eds, 16 bajo\u00a046200\u00a0Paiporta Valencia (Informaci\u00f3n facilitada en cumplimiento de lo dispuesto en el art\u00edculo 10 de la [&hellip;]<\/p>\n","protected":false},"author":1,"featured_media":0,"parent":0,"menu_order":0,"comment_status":"closed","ping_status":"open","template":"","meta":[],"_links":{"self":[{"href":"https:\/\/2m-entornosinteractivos.com\/ceipmenuts\/index.php\/wp-json\/wp\/v2\/pages\/2302"}],"collection":[{"href":"https:\/\/2m-entornosinteractivos.com\/ceipmenuts\/index.php\/wp-json\/wp\/v2\/pages"}],"about":[{"href":"https:\/\/2m-entornosinteractivos.com\/ceipmenuts\/index.php\/wp-json\/wp\/v2\/types\/page"}],"author":[{"embeddable":true,"href":"https:\/\/2m-entornosinteractivos.com\/ceipmenuts\/index.php\/wp-json\/wp\/v2\/users\/1"}],"replies":[{"embeddable":true,"href":"https:\/\/2m-entornosinteractivos.com\/ceipmenuts\/index.php\/wp-json\/wp\/v2\/comments?post=2302"}],"version-history":[{"count":7,"href":"https:\/\/2m-entornosinteractivos.com\/ceipmenuts\/index.php\/wp-json\/wp\/v2\/pages\/2302\/revisions"}],"predecessor-version":[{"id":2743,"href":"https:\/\/2m-entornosinteractivos.com\/ceipmenuts\/index.php\/wp-json\/wp\/v2\/pages\/2302\/revisions\/2743"}],"wp:attachment":[{"href":"https:\/\/2m-entornosinteractivos.com\/ceipmenuts\/index.php\/wp-json\/wp\/v2\/media?parent=2302"}],"curies":[{"name":"wp","href":"https:\/\/api.w.org\/{rel}","templated":true}]}}