{"id":2324,"date":"2023-04-05T09:47:16","date_gmt":"2023-04-05T09:47:16","guid":{"rendered":"https:\/\/2m-entornosinteractivos.com\/ceipmenuts\/?page_id=2324"},"modified":"2023-04-11T06:44:30","modified_gmt":"2023-04-11T06:44:30","slug":"extraescolares","status":"publish","type":"page","link":"https:\/\/2m-entornosinteractivos.com\/ceipmenuts\/index.php\/extraescolares\/","title":{"rendered":"Extraescolares"},"content":{"rendered":"\t\t<div data-elementor-type=\"wp-page\" data-elementor-id=\"2324\" class=\"elementor elementor-2324\">\n\t\t\t\t\t\t\t\t\t<section class=\"elementor-section elementor-top-section elementor-element elementor-element-403477da elementor-section-full_width elementor-section-height-full elementor-section-height-default elementor-section-items-middle\" data-id=\"403477da\" data-element_type=\"section\">\n\t\t\t\t\t\t\t<div class=\"elementor-background-overlay\"><\/div>\n\t\t\t\t\t\t\t<div class=\"elementor-container elementor-column-gap-no\">\n\t\t\t\t\t<div class=\"elementor-column elementor-col-100 elementor-top-column elementor-element elementor-element-2de652f\" data-id=\"2de652f\" data-element_type=\"column\">\n\t\t\t<div class=\"elementor-widget-wrap elementor-element-populated\">\n\t\t\t\t\t\t\t\t<div class=\"elementor-element elementor-element-28059e9f elementor-widget elementor-widget-heading\" data-id=\"28059e9f\" data-element_type=\"widget\" data-widget_type=\"heading.default\">\n\t\t\t\t<div class=\"elementor-widget-container\">\n\t\t\t<style>\/*! elementor - v3.10.2 - 29-01-2023 *\/\n.elementor-heading-title{padding:0;margin:0;line-height:1}.elementor-widget-heading .elementor-heading-title[class*=elementor-size-]>a{color:inherit;font-size:inherit;line-height:inherit}.elementor-widget-heading .elementor-heading-title.elementor-size-small{font-size:15px}.elementor-widget-heading .elementor-heading-title.elementor-size-medium{font-size:19px}.elementor-widget-heading .elementor-heading-title.elementor-size-large{font-size:29px}.elementor-widget-heading .elementor-heading-title.elementor-size-xl{font-size:39px}.elementor-widget-heading .elementor-heading-title.elementor-size-xxl{font-size:59px}<\/style><h2 class=\"elementor-heading-title elementor-size-xxl\">Extraescolares<\/h2>\t\t<\/div>\n\t\t\t\t<\/div>\n\t\t\t\t<div class=\"elementor-element elementor-element-2901678c elementor-widget elementor-widget-text-editor\" data-id=\"2901678c\" data-element_type=\"widget\" data-widget_type=\"text-editor.default\">\n\t\t\t\t<div class=\"elementor-widget-container\">\n\t\t\t<style>\/*! elementor - v3.10.2 - 29-01-2023 *\/\n.elementor-widget-text-editor.elementor-drop-cap-view-stacked .elementor-drop-cap{background-color:#818a91;color:#fff}.elementor-widget-text-editor.elementor-drop-cap-view-framed .elementor-drop-cap{color:#818a91;border:3px solid;background-color:transparent}.elementor-widget-text-editor:not(.elementor-drop-cap-view-default) .elementor-drop-cap{margin-top:8px}.elementor-widget-text-editor:not(.elementor-drop-cap-view-default) .elementor-drop-cap-letter{width:1em;height:1em}.elementor-widget-text-editor .elementor-drop-cap{float:left;text-align:center;line-height:1;font-size:50px}.elementor-widget-text-editor .elementor-drop-cap-letter{display:inline-block}<\/style>\t\t\t\t<p>Realizar actividades extraescolares tiene importantes beneficios de largo alcance, que tocan muchos aspectos del desarrollo del ni\u00f1o.<\/p>\t\t\t\t\t\t<\/div>\n\t\t\t\t<\/div>\n\t\t\t\t\t<\/div>\n\t\t<\/div>\n\t\t\t\t\t\t\t<\/div>\n\t\t<\/section>\n\t\t\t\t<section class=\"elementor-section elementor-top-section elementor-element elementor-element-49e9031 elementor-section-height-min-height elementor-section-items-stretch elementor-section-content-middle elementor-section-boxed elementor-section-height-default\" data-id=\"49e9031\" data-element_type=\"section\" data-settings=\"{&quot;background_background&quot;:&quot;classic&quot;}\">\n\t\t\t\t\t\t<div class=\"elementor-container elementor-column-gap-no\">\n\t\t\t\t\t<div class=\"elementor-column elementor-col-100 elementor-top-column elementor-element elementor-element-d1b865e\" data-id=\"d1b865e\" data-element_type=\"column\" data-settings=\"{&quot;background_background&quot;:&quot;classic&quot;}\">\n\t\t\t<div class=\"elementor-widget-wrap elementor-element-populated\">\n\t\t\t\t\t\t\t\t<div class=\"elementor-element elementor-element-9bf845c elementor-grid-3 elementor-grid-tablet-2 elementor-grid-mobile-1 elementor-posts--thumbnail-top elementor-card-shadow-yes elementor-posts__hover-gradient elementor-widget elementor-widget-posts\" data-id=\"9bf845c\" data-element_type=\"widget\" data-settings=\"{&quot;pagination_type&quot;:&quot;prev_next&quot;,&quot;cards_columns&quot;:&quot;3&quot;,&quot;cards_columns_tablet&quot;:&quot;2&quot;,&quot;cards_columns_mobile&quot;:&quot;1&quot;,&quot;cards_row_gap&quot;:{&quot;unit&quot;:&quot;px&quot;,&quot;size&quot;:35,&quot;sizes&quot;:[]},&quot;cards_row_gap_widescreen&quot;:{&quot;unit&quot;:&quot;px&quot;,&quot;size&quot;:&quot;&quot;,&quot;sizes&quot;:[]},&quot;cards_row_gap_laptop&quot;:{&quot;unit&quot;:&quot;px&quot;,&quot;size&quot;:&quot;&quot;,&quot;sizes&quot;:[]},&quot;cards_row_gap_tablet_extra&quot;:{&quot;unit&quot;:&quot;px&quot;,&quot;size&quot;:&quot;&quot;,&quot;sizes&quot;:[]},&quot;cards_row_gap_tablet&quot;:{&quot;unit&quot;:&quot;px&quot;,&quot;size&quot;:&quot;&quot;,&quot;sizes&quot;:[]},&quot;cards_row_gap_mobile_extra&quot;:{&quot;unit&quot;:&quot;px&quot;,&quot;size&quot;:&quot;&quot;,&quot;sizes&quot;:[]},&quot;cards_row_gap_mobile&quot;:{&quot;unit&quot;:&quot;px&quot;,&quot;size&quot;:&quot;&quot;,&quot;sizes&quot;:[]}}\" data-widget_type=\"posts.cards\">\n\t\t\t\t<div class=\"elementor-widget-container\">\n\t\t\t<link rel=\"stylesheet\" href=\"https:\/\/2m-entornosinteractivos.com\/ceipmenuts\/wp-content\/plugins\/elementor-pro\/assets\/css\/widget-posts.min.css\">\t\t<div class=\"elementor-posts-container elementor-posts elementor-posts--skin-cards elementor-grid\">\r\n\t\t\t\t<article class=\"elementor-post elementor-grid-item post-1696 page type-page status-publish has-post-thumbnail hentry\">\r\n\t\t\t<div class=\"elementor-post__card\">\r\n\t\t\t\t<a class=\"elementor-post__thumbnail__link\" href=\"https:\/\/2m-entornosinteractivos.com\/ceipmenuts\/index.php\/ingles\/\" target=\"_blank\"><div class=\"elementor-post__thumbnail\"><img width=\"300\" height=\"196\" src=\"https:\/\/2m-entornosinteractivos.com\/ceipmenuts\/wp-content\/uploads\/2023\/03\/Ingles-300x196.jpg\" class=\"attachment-medium size-medium wp-image-1699\" alt=\"Servicio extraescolar de CEI. Menuts en Paiporta\" decoding=\"async\" loading=\"lazy\" srcset=\"https:\/\/2m-entornosinteractivos.com\/ceipmenuts\/wp-content\/uploads\/2023\/03\/Ingles-300x196.jpg 300w, https:\/\/2m-entornosinteractivos.com\/ceipmenuts\/wp-content\/uploads\/2023\/03\/Ingles-1024x669.jpg 1024w, https:\/\/2m-entornosinteractivos.com\/ceipmenuts\/wp-content\/uploads\/2023\/03\/Ingles-768x501.jpg 768w, https:\/\/2m-entornosinteractivos.com\/ceipmenuts\/wp-content\/uploads\/2023\/03\/Ingles-1536x1003.jpg 1536w, https:\/\/2m-entornosinteractivos.com\/ceipmenuts\/wp-content\/uploads\/2023\/03\/Ingles-2048x1337.jpg 2048w\" sizes=\"(max-width: 300px) 100vw, 300px\" \/><\/div><\/a>\r\n\t\t\t\t<div class=\"elementor-post__text\">\r\n\t\t\t\t<h3 class=\"elementor-post__title\">\r\n\t\t\t<a href=\"https:\/\/2m-entornosinteractivos.com\/ceipmenuts\/index.php\/ingles\/\" target=&quot;_blank&quot;>\r\n\t\t\t\tIngles\t\t\t<\/a>\r\n\t\t<\/h3>\r\n\t\t\t\t<div class=\"elementor-post__excerpt\">\r\n\t\t\t<p>Ingles Es una competencia verbal, un importante recurso socioemocional, una gran herramienta para desarrollar habilidades cognitivas y la mejor inversi\u00f3n profesional para nuestros ni\u00f1os Disponemos<\/p>\n\t\t<\/div>\r\n\t\t\t\t\t<a class=\"elementor-post__read-more\" href=\"https:\/\/2m-entornosinteractivos.com\/ceipmenuts\/index.php\/ingles\/\" target=\"_blank\">\r\n\t\t\t\tLeer m\u00e1s\t\t\t<\/a>\r\n\t\t\t\t<\/div>\r\n\t\t\t\t<div class=\"elementor-post__meta-data\">\r\n\t\t\t\t\t<span class=\"elementor-post-date\">\r\n\t\t\tmarzo 27, 2023\t\t<\/span>\r\n\t\t\t\t<\/div>\r\n\t\t\t\t\t<\/div>\r\n\t\t<\/article>\r\n\t\t\t\t<article class=\"elementor-post elementor-grid-item post-1678 page type-page status-publish has-post-thumbnail hentry\">\r\n\t\t\t<div class=\"elementor-post__card\">\r\n\t\t\t\t<a class=\"elementor-post__thumbnail__link\" href=\"https:\/\/2m-entornosinteractivos.com\/ceipmenuts\/index.php\/yoga\/\" target=\"_blank\"><div class=\"elementor-post__thumbnail\"><img width=\"300\" height=\"169\" src=\"https:\/\/2m-entornosinteractivos.com\/ceipmenuts\/wp-content\/uploads\/2023\/03\/Yoga5-300x169.png\" class=\"attachment-medium size-medium wp-image-1688\" alt=\"Servicio extraescolar de CEI. Menuts de Paiporta\" decoding=\"async\" loading=\"lazy\" srcset=\"https:\/\/2m-entornosinteractivos.com\/ceipmenuts\/wp-content\/uploads\/2023\/03\/Yoga5-300x169.png 300w, https:\/\/2m-entornosinteractivos.com\/ceipmenuts\/wp-content\/uploads\/2023\/03\/Yoga5-1024x576.png 1024w, https:\/\/2m-entornosinteractivos.com\/ceipmenuts\/wp-content\/uploads\/2023\/03\/Yoga5-768x432.png 768w, https:\/\/2m-entornosinteractivos.com\/ceipmenuts\/wp-content\/uploads\/2023\/03\/Yoga5-1536x864.png 1536w, https:\/\/2m-entornosinteractivos.com\/ceipmenuts\/wp-content\/uploads\/2023\/03\/Yoga5.png 1920w\" sizes=\"(max-width: 300px) 100vw, 300px\" \/><\/div><\/a>\r\n\t\t\t\t<div class=\"elementor-post__text\">\r\n\t\t\t\t<h3 class=\"elementor-post__title\">\r\n\t\t\t<a href=\"https:\/\/2m-entornosinteractivos.com\/ceipmenuts\/index.php\/yoga\/\" target=&quot;_blank&quot;>\r\n\t\t\t\tYoga\t\t\t<\/a>\r\n\t\t<\/h3>\r\n\t\t\t\t<div class=\"elementor-post__excerpt\">\r\n\t\t\t<p>Yoga \u00a0El yoga proporciona claves, prescripciones, m\u00e9todos y t\u00e9cnicas para el bienestar integral y la evoluci\u00f3n de la conciencia. Disponemos de actividades para que los<\/p>\n\t\t<\/div>\r\n\t\t\t\t\t<a class=\"elementor-post__read-more\" href=\"https:\/\/2m-entornosinteractivos.com\/ceipmenuts\/index.php\/yoga\/\" target=\"_blank\">\r\n\t\t\t\tLeer m\u00e1s\t\t\t<\/a>\r\n\t\t\t\t<\/div>\r\n\t\t\t\t<div class=\"elementor-post__meta-data\">\r\n\t\t\t\t\t<span class=\"elementor-post-date\">\r\n\t\t\tmarzo 27, 2023\t\t<\/span>\r\n\t\t\t\t<\/div>\r\n\t\t\t\t\t<\/div>\r\n\t\t<\/article>\r\n\t\t\t\t<article class=\"elementor-post elementor-grid-item post-1666 page type-page status-publish has-post-thumbnail hentry\">\r\n\t\t\t<div class=\"elementor-post__card\">\r\n\t\t\t\t<a class=\"elementor-post__thumbnail__link\" href=\"https:\/\/2m-entornosinteractivos.com\/ceipmenuts\/index.php\/natacion\/\" target=\"_blank\"><div class=\"elementor-post__thumbnail\"><img width=\"300\" height=\"168\" src=\"https:\/\/2m-entornosinteractivos.com\/ceipmenuts\/wp-content\/uploads\/2023\/03\/2022-01-10-18-300x168.jpg\" class=\"attachment-medium size-medium wp-image-1671\" alt=\"Servicio extraescolar de CEI. Menuts de Paiporta\" decoding=\"async\" loading=\"lazy\" srcset=\"https:\/\/2m-entornosinteractivos.com\/ceipmenuts\/wp-content\/uploads\/2023\/03\/2022-01-10-18-300x168.jpg 300w, https:\/\/2m-entornosinteractivos.com\/ceipmenuts\/wp-content\/uploads\/2023\/03\/2022-01-10-18.jpg 517w\" sizes=\"(max-width: 300px) 100vw, 300px\" \/><\/div><\/a>\r\n\t\t\t\t<div class=\"elementor-post__text\">\r\n\t\t\t\t<h3 class=\"elementor-post__title\">\r\n\t\t\t<a href=\"https:\/\/2m-entornosinteractivos.com\/ceipmenuts\/index.php\/natacion\/\" target=&quot;_blank&quot;>\r\n\t\t\t\tNataci\u00f3n\t\t\t<\/a>\r\n\t\t<\/h3>\r\n\t\t\t\t<div class=\"elementor-post__excerpt\">\r\n\t\t\t<p>Nataci\u00f3n Una actividad para trabajar de una manera integral con seguridad y respeto ante su momento evolutivo. Uno de nuetros servicios m\u00e1s molones es el<\/p>\n\t\t<\/div>\r\n\t\t\t\t\t<a class=\"elementor-post__read-more\" href=\"https:\/\/2m-entornosinteractivos.com\/ceipmenuts\/index.php\/natacion\/\" target=\"_blank\">\r\n\t\t\t\tLeer m\u00e1s\t\t\t<\/a>\r\n\t\t\t\t<\/div>\r\n\t\t\t\t<div class=\"elementor-post__meta-data\">\r\n\t\t\t\t\t<span class=\"elementor-post-date\">\r\n\t\t\tmarzo 27, 2023\t\t<\/span>\r\n\t\t\t\t<\/div>\r\n\t\t\t\t\t<\/div>\r\n\t\t<\/article>\r\n\t\t\t\t<article class=\"elementor-post elementor-grid-item post-1629 page type-page status-publish has-post-thumbnail hentry\">\r\n\t\t\t<div class=\"elementor-post__card\">\r\n\t\t\t\t<a class=\"elementor-post__thumbnail__link\" href=\"https:\/\/2m-entornosinteractivos.com\/ceipmenuts\/index.php\/musica\/\" target=\"_blank\"><div class=\"elementor-post__thumbnail\"><img width=\"300\" height=\"169\" src=\"https:\/\/2m-entornosinteractivos.com\/ceipmenuts\/wp-content\/uploads\/2023\/03\/Musica-300x169.png\" class=\"attachment-medium size-medium wp-image-1647\" alt=\"Servicio extraescolar de CEI. Menuts de Paiporta\" decoding=\"async\" loading=\"lazy\" srcset=\"https:\/\/2m-entornosinteractivos.com\/ceipmenuts\/wp-content\/uploads\/2023\/03\/Musica-300x169.png 300w, https:\/\/2m-entornosinteractivos.com\/ceipmenuts\/wp-content\/uploads\/2023\/03\/Musica-1024x576.png 1024w, https:\/\/2m-entornosinteractivos.com\/ceipmenuts\/wp-content\/uploads\/2023\/03\/Musica-768x432.png 768w, https:\/\/2m-entornosinteractivos.com\/ceipmenuts\/wp-content\/uploads\/2023\/03\/Musica-1536x864.png 1536w, https:\/\/2m-entornosinteractivos.com\/ceipmenuts\/wp-content\/uploads\/2023\/03\/Musica.png 1920w\" sizes=\"(max-width: 300px) 100vw, 300px\" \/><\/div><\/a>\r\n\t\t\t\t<div class=\"elementor-post__text\">\r\n\t\t\t\t<h3 class=\"elementor-post__title\">\r\n\t\t\t<a href=\"https:\/\/2m-entornosinteractivos.com\/ceipmenuts\/index.php\/musica\/\" target=&quot;_blank&quot;>\r\n\t\t\t\tMusica\t\t\t<\/a>\r\n\t\t<\/h3>\r\n\t\t\t\t<div class=\"elementor-post__excerpt\">\r\n\t\t\t<p>M\u00fasica Actividad que combina la m\u00fasica con movimientos r\u00edtmicos destinados al desarrollo de las capacidades coordinativas y r\u00edtmicas. Disponemos de actividades para que los alumnos<\/p>\n\t\t<\/div>\r\n\t\t\t\t\t<a class=\"elementor-post__read-more\" href=\"https:\/\/2m-entornosinteractivos.com\/ceipmenuts\/index.php\/musica\/\" target=\"_blank\">\r\n\t\t\t\tLeer m\u00e1s\t\t\t<\/a>\r\n\t\t\t\t<\/div>\r\n\t\t\t\t<div class=\"elementor-post__meta-data\">\r\n\t\t\t\t\t<span class=\"elementor-post-date\">\r\n\t\t\tmarzo 27, 2023\t\t<\/span>\r\n\t\t\t\t<\/div>\r\n\t\t\t\t\t<\/div>\r\n\t\t<\/article>\r\n\t\t\t\t<article class=\"elementor-post elementor-grid-item post-1565 page type-page status-publish has-post-thumbnail hentry\">\r\n\t\t\t<div class=\"elementor-post__card\">\r\n\t\t\t\t<a class=\"elementor-post__thumbnail__link\" href=\"https:\/\/2m-entornosinteractivos.com\/ceipmenuts\/index.php\/estimulacion-temprana-para-bebes\/\" target=\"_blank\"><div class=\"elementor-post__thumbnail\"><img width=\"300\" height=\"200\" src=\"https:\/\/2m-entornosinteractivos.com\/ceipmenuts\/wp-content\/uploads\/2023\/03\/Masaje-infantil-300x200.jpg\" class=\"attachment-medium size-medium wp-image-1962\" alt=\"Beb\u00e9 feliz con el masaje de mam\u00e1\" decoding=\"async\" loading=\"lazy\" srcset=\"https:\/\/2m-entornosinteractivos.com\/ceipmenuts\/wp-content\/uploads\/2023\/03\/Masaje-infantil-300x200.jpg 300w, https:\/\/2m-entornosinteractivos.com\/ceipmenuts\/wp-content\/uploads\/2023\/03\/Masaje-infantil-1024x683.jpg 1024w, https:\/\/2m-entornosinteractivos.com\/ceipmenuts\/wp-content\/uploads\/2023\/03\/Masaje-infantil-768x512.jpg 768w, https:\/\/2m-entornosinteractivos.com\/ceipmenuts\/wp-content\/uploads\/2023\/03\/Masaje-infantil-1536x1024.jpg 1536w, https:\/\/2m-entornosinteractivos.com\/ceipmenuts\/wp-content\/uploads\/2023\/03\/Masaje-infantil-2048x1366.jpg 2048w\" sizes=\"(max-width: 300px) 100vw, 300px\" \/><\/div><\/a>\r\n\t\t\t\t<div class=\"elementor-post__text\">\r\n\t\t\t\t<h3 class=\"elementor-post__title\">\r\n\t\t\t<a href=\"https:\/\/2m-entornosinteractivos.com\/ceipmenuts\/index.php\/estimulacion-temprana-para-bebes\/\" target=&quot;_blank&quot;>\r\n\t\t\t\tEstimulaci\u00f3n temprana para Beb\u00e9s\t\t\t<\/a>\r\n\t\t<\/h3>\r\n\t\t\t\t<div class=\"elementor-post__excerpt\">\r\n\t\t\t<p>Mindfullness Actividad que ense\u00f1a a gestionar las emociones, controlar nuestras reacciones, afrontar cambios y retos como algo natural m\u00e1s que como un obst\u00e1culo o barrera.<\/p>\n\t\t<\/div>\r\n\t\t\t\t\t<a class=\"elementor-post__read-more\" href=\"https:\/\/2m-entornosinteractivos.com\/ceipmenuts\/index.php\/estimulacion-temprana-para-bebes\/\" target=\"_blank\">\r\n\t\t\t\tLeer m\u00e1s\t\t\t<\/a>\r\n\t\t\t\t<\/div>\r\n\t\t\t\t<div class=\"elementor-post__meta-data\">\r\n\t\t\t\t\t<span class=\"elementor-post-date\">\r\n\t\t\tmarzo 27, 2023\t\t<\/span>\r\n\t\t\t\t<\/div>\r\n\t\t\t\t\t<\/div>\r\n\t\t<\/article>\r\n\t\t\t\t<\/div>\r\n\r\n\r\n\t\t\r\n\t\t\t\t<\/div>\n\t\t\t\t<\/div>\n\t\t\t\t\t<\/div>\n\t\t<\/div>\n\t\t\t\t\t\t\t<\/div>\n\t\t<\/section>\n\t\t\t\t\t\t\t<\/div>\n\t\t","protected":false},"excerpt":{"rendered":"<p>Extraescolares Realizar actividades extraescolares tiene importantes beneficios de largo alcance, que tocan muchos aspectos del desarrollo del ni\u00f1o.<\/p>\n","protected":false},"author":1,"featured_media":0,"parent":0,"menu_order":0,"comment_status":"closed","ping_status":"closed","template":"elementor_header_footer","meta":[],"_links":{"self":[{"href":"https:\/\/2m-entornosinteractivos.com\/ceipmenuts\/index.php\/wp-json\/wp\/v2\/pages\/2324"}],"collection":[{"href":"https:\/\/2m-entornosinteractivos.com\/ceipmenuts\/index.php\/wp-json\/wp\/v2\/pages"}],"about":[{"href":"https:\/\/2m-entornosinteractivos.com\/ceipmenuts\/index.php\/wp-json\/wp\/v2\/types\/page"}],"author":[{"embeddable":true,"href":"https:\/\/2m-entornosinteractivos.com\/ceipmenuts\/index.php\/wp-json\/wp\/v2\/users\/1"}],"replies":[{"embeddable":true,"href":"https:\/\/2m-entornosinteractivos.com\/ceipmenuts\/index.php\/wp-json\/wp\/v2\/comments?post=2324"}],"version-history":[{"count":19,"href":"https:\/\/2m-entornosinteractivos.com\/ceipmenuts\/index.php\/wp-json\/wp\/v2\/pages\/2324\/revisions"}],"predecessor-version":[{"id":2625,"href":"https:\/\/2m-entornosinteractivos.com\/ceipmenuts\/index.php\/wp-json\/wp\/v2\/pages\/2324\/revisions\/2625"}],"wp:attachment":[{"href":"https:\/\/2m-entornosinteractivos.com\/ceipmenuts\/index.php\/wp-json\/wp\/v2\/media?parent=2324"}],"curies":[{"name":"wp","href":"https:\/\/api.w.org\/{rel}","templated":true}]}}