{"id":24,"date":"2023-02-08T16:22:38","date_gmt":"2023-02-08T16:22:38","guid":{"rendered":"https:\/\/2m-entornosinteractivos.com\/ceipmenuts\/?page_id=24"},"modified":"2023-04-20T12:02:03","modified_gmt":"2023-04-20T12:02:03","slug":"blog","status":"publish","type":"page","link":"https:\/\/2m-entornosinteractivos.com\/ceipmenuts\/index.php\/blog\/","title":{"rendered":"Blog"},"content":{"rendered":"\t\t<div data-elementor-type=\"wp-page\" data-elementor-id=\"24\" class=\"elementor elementor-24\">\n\t\t\t\t\t\t\t\t\t<section class=\"elementor-section elementor-top-section elementor-element elementor-element-403477da elementor-section-full_width elementor-section-height-full elementor-section-height-default elementor-section-items-middle\" data-id=\"403477da\" data-element_type=\"section\">\n\t\t\t\t\t\t\t<div class=\"elementor-background-overlay\"><\/div>\n\t\t\t\t\t\t\t<div class=\"elementor-container elementor-column-gap-no\">\n\t\t\t\t\t<div class=\"elementor-column elementor-col-100 elementor-top-column elementor-element elementor-element-2de652f\" data-id=\"2de652f\" data-element_type=\"column\">\n\t\t\t<div class=\"elementor-widget-wrap elementor-element-populated\">\n\t\t\t\t\t\t\t\t<div class=\"elementor-element elementor-element-28059e9f elementor-widget elementor-widget-heading\" data-id=\"28059e9f\" data-element_type=\"widget\" data-widget_type=\"heading.default\">\n\t\t\t\t<div class=\"elementor-widget-container\">\n\t\t\t<style>\/*! elementor - v3.10.2 - 29-01-2023 *\/\n.elementor-heading-title{padding:0;margin:0;line-height:1}.elementor-widget-heading .elementor-heading-title[class*=elementor-size-]>a{color:inherit;font-size:inherit;line-height:inherit}.elementor-widget-heading .elementor-heading-title.elementor-size-small{font-size:15px}.elementor-widget-heading .elementor-heading-title.elementor-size-medium{font-size:19px}.elementor-widget-heading .elementor-heading-title.elementor-size-large{font-size:29px}.elementor-widget-heading .elementor-heading-title.elementor-size-xl{font-size:39px}.elementor-widget-heading .elementor-heading-title.elementor-size-xxl{font-size:59px}<\/style><h2 class=\"elementor-heading-title elementor-size-xxl\">Blog<\/h2>\t\t<\/div>\n\t\t\t\t<\/div>\n\t\t\t\t<div class=\"elementor-element elementor-element-27a5936 elementor-blockquote--skin-quotation elementor-blockquote--align-center elementor-blockquote--button-color-official elementor-widget elementor-widget-blockquote\" data-id=\"27a5936\" data-element_type=\"widget\" data-widget_type=\"blockquote.default\">\n\t\t\t\t<div class=\"elementor-widget-container\">\n\t\t\t<style>\/*! elementor-pro - v3.6.4 - 15-03-2022 *\/\r\n@charset \"UTF-8\";.entry-content blockquote.elementor-blockquote:not(.alignright):not(.alignleft),.entry-summary blockquote.elementor-blockquote{margin-right:0;margin-left:0}.elementor-widget-blockquote blockquote{margin:0;padding:0;outline:0;font-size:100%;vertical-align:baseline;background:transparent;quotes:none;border:0;font-style:normal;color:#55595c}.elementor-widget-blockquote blockquote:after,.elementor-widget-blockquote blockquote:before,.elementor-widget-blockquote blockquote cite:after,.elementor-widget-blockquote blockquote cite:before,.elementor-widget-blockquote blockquote footer:after,.elementor-widget-blockquote blockquote footer:before{content:\"\";content:none}.elementor-blockquote{-webkit-transition:.3s;-o-transition:.3s;transition:.3s}.elementor-blockquote__author,.elementor-blockquote__content{margin-bottom:0;font-style:normal}.elementor-blockquote__author{font-weight:700}.elementor-blockquote footer{margin-top:12px;display:-webkit-box;display:-ms-flexbox;display:flex;-webkit-box-pack:justify;-ms-flex-pack:justify;justify-content:space-between}.elementor-blockquote__tweet-button{display:-webkit-box;display:-ms-flexbox;display:flex;-webkit-transition:.3s;-o-transition:.3s;transition:.3s;color:#1da1f2;-ms-flex-item-align:end;align-self:flex-end;line-height:1;position:relative;width:-webkit-max-content;width:-moz-max-content;width:max-content}.elementor-blockquote__tweet-button:hover{color:#0967a0}.elementor-blockquote__tweet-button span{font-weight:600}.elementor-blockquote__tweet-button i,.elementor-blockquote__tweet-button span{vertical-align:middle}.elementor-blockquote__tweet-button i+span,.elementor-blockquote__tweet-button svg+span{margin-left:.5em}.elementor-blockquote__tweet-button svg{fill:#1da1f2;height:1em;width:1em}.elementor-blockquote__tweet-label{white-space:pre-wrap}.elementor-blockquote--button-skin-bubble .elementor-blockquote__tweet-button,.elementor-blockquote--button-skin-classic .elementor-blockquote__tweet-button{padding:.7em 1.2em;border-radius:100em;background-color:#1da1f2;color:#fff;font-size:15px}.elementor-blockquote--button-skin-bubble .elementor-blockquote__tweet-button:hover,.elementor-blockquote--button-skin-classic .elementor-blockquote__tweet-button:hover{background-color:#0967a0;color:#fff}.elementor-blockquote--button-skin-bubble .elementor-blockquote__tweet-button:hover:before,.elementor-blockquote--button-skin-classic .elementor-blockquote__tweet-button:hover:before{border-right-color:#0967a0}.elementor-blockquote--button-skin-bubble .elementor-blockquote__tweet-button svg,.elementor-blockquote--button-skin-classic .elementor-blockquote__tweet-button svg{fill:#fff;height:1em;width:1em}.elementor-blockquote--button-skin-bubble.elementor-blockquote--button-view-icon .elementor-blockquote__tweet-button,.elementor-blockquote--button-skin-classic.elementor-blockquote--button-view-icon .elementor-blockquote__tweet-button{padding:0;width:2em;height:2em}.elementor-blockquote--button-skin-bubble.elementor-blockquote--button-view-icon .elementor-blockquote__tweet-button i,.elementor-blockquote--button-skin-classic.elementor-blockquote--button-view-icon .elementor-blockquote__tweet-button i{position:absolute;left:50%;top:50%;-webkit-transform:translate(-50%,-50%);-ms-transform:translate(-50%,-50%);transform:translate(-50%,-50%)}.elementor-blockquote--button-skin-bubble .elementor-blockquote__tweet-button:before{content:\"\";border:.5em solid transparent;border-right-color:#1da1f2;position:absolute;left:-.8em;top:50%;-webkit-transform:translateY(-50%) scaleY(.65);-ms-transform:translateY(-50%) scaleY(.65);transform:translateY(-50%) scaleY(.65);-webkit-transition:.3s;-o-transition:.3s;transition:.3s}.elementor-blockquote--button-skin-bubble.elementor-blockquote--align-left .elementor-blockquote__tweet-button:before{right:auto;left:-.8em;border-right-color:#1da1f2;border-left-color:transparent}.elementor-blockquote--button-skin-bubble.elementor-blockquote--align-left .elementor-blockquote__tweet-button:hover:before{border-right-color:#0967a0}.elementor-blockquote--button-skin-bubble.elementor-blockquote--align-right .elementor-blockquote__tweet-button:before{left:auto;right:-.8em;border-right-color:transparent;border-left-color:#1da1f2}.elementor-blockquote--button-skin-bubble.elementor-blockquote--align-right .elementor-blockquote__tweet-button:hover:before{border-left-color:#0967a0}.elementor-blockquote--skin-boxed .elementor-blockquote{background-color:#e6e9ec;padding:30px}.elementor-blockquote--skin-border .elementor-blockquote{border-color:#e6e9ec;border-left:7px #e6e9ec;border-style:solid;padding-left:20px}.elementor-blockquote--skin-quotation .elementor-blockquote:before{content:\"\u201c\";font-size:100px;color:#e6e9ec;font-family:Times New Roman,Times,serif;font-weight:900;line-height:1;display:block;height:.6em}.elementor-blockquote--skin-quotation .elementor-blockquote__content{margin-top:15px}.elementor-blockquote--align-left .elementor-blockquote__content{text-align:left}.elementor-blockquote--align-left .elementor-blockquote footer{-webkit-box-orient:horizontal;-webkit-box-direction:normal;-ms-flex-direction:row;flex-direction:row}.elementor-blockquote--align-right .elementor-blockquote__content{text-align:right}.elementor-blockquote--align-right .elementor-blockquote footer{-webkit-box-orient:horizontal;-webkit-box-direction:reverse;-ms-flex-direction:row-reverse;flex-direction:row-reverse}.elementor-blockquote--align-center .elementor-blockquote{text-align:center}.elementor-blockquote--align-center .elementor-blockquote__author,.elementor-blockquote--align-center .elementor-blockquote footer{display:block}.elementor-blockquote--align-center .elementor-blockquote__tweet-button{margin-right:auto;margin-left:auto}<\/style>\t\t<blockquote class=\"elementor-blockquote\">\r\n\t\t\t<p class=\"elementor-blockquote__content\">\r\n\t\t\t\tLo perfecto es enemigo de lo bueno\t\t\t<\/p>\r\n\t\t\t\t\t\t\t<footer>\r\n\t\t\t\t\t\t\t\t\t\t\t<cite class=\"elementor-blockquote__author\">Voltaire<\/cite>\r\n\t\t\t\t\t\t\t\t\t\t\t\t\t\t<\/footer>\r\n\t\t\t\t\t<\/blockquote>\r\n\t\t\t\t<\/div>\n\t\t\t\t<\/div>\n\t\t\t\t\t<\/div>\n\t\t<\/div>\n\t\t\t\t\t\t\t<\/div>\n\t\t<\/section>\n\t\t\t\t<section class=\"elementor-section elementor-top-section elementor-element elementor-element-49e9031 elementor-section-height-min-height elementor-section-items-stretch elementor-section-content-middle elementor-section-boxed elementor-section-height-default\" data-id=\"49e9031\" data-element_type=\"section\" data-settings=\"{&quot;background_background&quot;:&quot;classic&quot;}\">\n\t\t\t\t\t\t<div class=\"elementor-container elementor-column-gap-no\">\n\t\t\t\t\t<div class=\"elementor-column elementor-col-100 elementor-top-column elementor-element elementor-element-d1b865e\" data-id=\"d1b865e\" data-element_type=\"column\" data-settings=\"{&quot;background_background&quot;:&quot;classic&quot;}\">\n\t\t\t<div class=\"elementor-widget-wrap elementor-element-populated\">\n\t\t\t\t\t\t\t\t<div class=\"elementor-element elementor-element-9bf845c elementor-grid-3 elementor-grid-tablet-2 elementor-grid-mobile-1 elementor-posts--thumbnail-top elementor-card-shadow-yes elementor-posts__hover-gradient elementor-widget elementor-widget-posts\" data-id=\"9bf845c\" data-element_type=\"widget\" data-settings=\"{&quot;pagination_type&quot;:&quot;prev_next&quot;,&quot;cards_columns&quot;:&quot;3&quot;,&quot;cards_columns_tablet&quot;:&quot;2&quot;,&quot;cards_columns_mobile&quot;:&quot;1&quot;,&quot;cards_row_gap&quot;:{&quot;unit&quot;:&quot;px&quot;,&quot;size&quot;:35,&quot;sizes&quot;:[]},&quot;cards_row_gap_widescreen&quot;:{&quot;unit&quot;:&quot;px&quot;,&quot;size&quot;:&quot;&quot;,&quot;sizes&quot;:[]},&quot;cards_row_gap_laptop&quot;:{&quot;unit&quot;:&quot;px&quot;,&quot;size&quot;:&quot;&quot;,&quot;sizes&quot;:[]},&quot;cards_row_gap_tablet_extra&quot;:{&quot;unit&quot;:&quot;px&quot;,&quot;size&quot;:&quot;&quot;,&quot;sizes&quot;:[]},&quot;cards_row_gap_tablet&quot;:{&quot;unit&quot;:&quot;px&quot;,&quot;size&quot;:&quot;&quot;,&quot;sizes&quot;:[]},&quot;cards_row_gap_mobile_extra&quot;:{&quot;unit&quot;:&quot;px&quot;,&quot;size&quot;:&quot;&quot;,&quot;sizes&quot;:[]},&quot;cards_row_gap_mobile&quot;:{&quot;unit&quot;:&quot;px&quot;,&quot;size&quot;:&quot;&quot;,&quot;sizes&quot;:[]}}\" data-widget_type=\"posts.cards\">\n\t\t\t\t<div class=\"elementor-widget-container\">\n\t\t\t<link rel=\"stylesheet\" href=\"https:\/\/2m-entornosinteractivos.com\/ceipmenuts\/wp-content\/plugins\/elementor-pro\/assets\/css\/widget-posts.min.css\">\t\t<div class=\"elementor-posts-container elementor-posts elementor-posts--skin-cards elementor-grid\">\r\n\t\t\t\t<article class=\"elementor-post elementor-grid-item post-2385 post type-post status-publish format-standard has-post-thumbnail hentry category-blog\">\r\n\t\t\t<div class=\"elementor-post__card\">\r\n\t\t\t\t<a class=\"elementor-post__thumbnail__link\" href=\"https:\/\/2m-entornosinteractivos.com\/ceipmenuts\/index.php\/2023\/04\/06\/la-musica\/\" target=\"_blank\"><div class=\"elementor-post__thumbnail\"><img width=\"300\" height=\"200\" src=\"https:\/\/2m-entornosinteractivos.com\/ceipmenuts\/wp-content\/uploads\/2023\/04\/hermanos-jugando-guitarra-300x200.jpg\" class=\"attachment-medium size-medium wp-image-2390\" alt=\"\" decoding=\"async\" loading=\"lazy\" srcset=\"https:\/\/2m-entornosinteractivos.com\/ceipmenuts\/wp-content\/uploads\/2023\/04\/hermanos-jugando-guitarra-300x200.jpg 300w, https:\/\/2m-entornosinteractivos.com\/ceipmenuts\/wp-content\/uploads\/2023\/04\/hermanos-jugando-guitarra-1024x683.jpg 1024w, https:\/\/2m-entornosinteractivos.com\/ceipmenuts\/wp-content\/uploads\/2023\/04\/hermanos-jugando-guitarra-768x512.jpg 768w, https:\/\/2m-entornosinteractivos.com\/ceipmenuts\/wp-content\/uploads\/2023\/04\/hermanos-jugando-guitarra-1536x1024.jpg 1536w, https:\/\/2m-entornosinteractivos.com\/ceipmenuts\/wp-content\/uploads\/2023\/04\/hermanos-jugando-guitarra-2048x1365.jpg 2048w\" sizes=\"(max-width: 300px) 100vw, 300px\" \/><\/div><\/a>\r\n\t\t\t\t<div class=\"elementor-post__badge\">Blog<\/div>\r\n\t\t\t\t<div class=\"elementor-post__text\">\r\n\t\t\t\t<h3 class=\"elementor-post__title\">\r\n\t\t\t<a href=\"https:\/\/2m-entornosinteractivos.com\/ceipmenuts\/index.php\/2023\/04\/06\/la-musica\/\" target=&quot;_blank&quot;>\r\n\t\t\t\tLa m\u00fasica\t\t\t<\/a>\r\n\t\t<\/h3>\r\n\t\t\t\t<div class=\"elementor-post__excerpt\">\r\n\t\t\t<p>Durante los primeros a\u00f1os de vida Desde los primeros a\u00f1os, los ni\u00f1os descubren la m\u00fasica a trav\u00e9s de los sentidos y el propio cuerpo, manifestando<\/p>\n\t\t<\/div>\r\n\t\t\t\t\t<a class=\"elementor-post__read-more\" href=\"https:\/\/2m-entornosinteractivos.com\/ceipmenuts\/index.php\/2023\/04\/06\/la-musica\/\" target=\"_blank\">\r\n\t\t\t\tLeer m\u00e1s\t\t\t<\/a>\r\n\t\t\t\t<\/div>\r\n\t\t\t\t<div class=\"elementor-post__meta-data\">\r\n\t\t\t\t\t<span class=\"elementor-post-date\">\r\n\t\t\tabril 6, 2023\t\t<\/span>\r\n\t\t\t\t<\/div>\r\n\t\t\t\t\t<\/div>\r\n\t\t<\/article>\r\n\t\t\t\t<article class=\"elementor-post elementor-grid-item post-959 post type-post status-publish format-standard has-post-thumbnail hentry category-blog\">\r\n\t\t\t<div class=\"elementor-post__card\">\r\n\t\t\t\t<a class=\"elementor-post__thumbnail__link\" href=\"https:\/\/2m-entornosinteractivos.com\/ceipmenuts\/index.php\/2023\/03\/16\/prensa\/\" target=\"_blank\"><div class=\"elementor-post__thumbnail\"><img width=\"300\" height=\"265\" src=\"https:\/\/2m-entornosinteractivos.com\/ceipmenuts\/wp-content\/uploads\/2023\/03\/prensa-300x265.jpg\" class=\"attachment-medium size-medium wp-image-962\" alt=\"\" decoding=\"async\" loading=\"lazy\" srcset=\"https:\/\/2m-entornosinteractivos.com\/ceipmenuts\/wp-content\/uploads\/2023\/03\/prensa-300x265.jpg 300w, https:\/\/2m-entornosinteractivos.com\/ceipmenuts\/wp-content\/uploads\/2023\/03\/prensa.jpg 529w\" sizes=\"(max-width: 300px) 100vw, 300px\" \/><\/div><\/a>\r\n\t\t\t\t<div class=\"elementor-post__badge\">Blog<\/div>\r\n\t\t\t\t<div class=\"elementor-post__text\">\r\n\t\t\t\t<h3 class=\"elementor-post__title\">\r\n\t\t\t<a href=\"https:\/\/2m-entornosinteractivos.com\/ceipmenuts\/index.php\/2023\/03\/16\/prensa\/\" target=&quot;_blank&quot;>\r\n\t\t\t\tPrensa\t\t\t<\/a>\r\n\t\t<\/h3>\r\n\t\t\t\t<div class=\"elementor-post__excerpt\">\r\n\t\t\t<p>La prensa local ha querido cubrir nuestra iniciativa del pasado mes de abril de celebrar el D\u00eda de la Familia en compa\u00f1\u00eda de todos nuestros alumnos y su familia. Agradecemos la atenci\u00f3n<\/p>\n\t\t<\/div>\r\n\t\t\t\t\t<a class=\"elementor-post__read-more\" href=\"https:\/\/2m-entornosinteractivos.com\/ceipmenuts\/index.php\/2023\/03\/16\/prensa\/\" target=\"_blank\">\r\n\t\t\t\tLeer m\u00e1s\t\t\t<\/a>\r\n\t\t\t\t<\/div>\r\n\t\t\t\t<div class=\"elementor-post__meta-data\">\r\n\t\t\t\t\t<span class=\"elementor-post-date\">\r\n\t\t\tmarzo 16, 2023\t\t<\/span>\r\n\t\t\t\t<\/div>\r\n\t\t\t\t\t<\/div>\r\n\t\t<\/article>\r\n\t\t\t\t<article class=\"elementor-post elementor-grid-item post-958 post type-post status-publish format-standard has-post-thumbnail hentry category-blog\">\r\n\t\t\t<div class=\"elementor-post__card\">\r\n\t\t\t\t<a class=\"elementor-post__thumbnail__link\" href=\"https:\/\/2m-entornosinteractivos.com\/ceipmenuts\/index.php\/2023\/03\/16\/servicio-medico-kids-care\/\" target=\"_blank\"><div class=\"elementor-post__thumbnail\"><img width=\"300\" height=\"247\" src=\"https:\/\/2m-entornosinteractivos.com\/ceipmenuts\/wp-content\/uploads\/2023\/03\/2022-01-10-36-300x247.jpg\" class=\"attachment-medium size-medium wp-image-960\" alt=\"\" decoding=\"async\" loading=\"lazy\" srcset=\"https:\/\/2m-entornosinteractivos.com\/ceipmenuts\/wp-content\/uploads\/2023\/03\/2022-01-10-36-300x247.jpg 300w, https:\/\/2m-entornosinteractivos.com\/ceipmenuts\/wp-content\/uploads\/2023\/03\/2022-01-10-36.jpg 493w\" sizes=\"(max-width: 300px) 100vw, 300px\" \/><\/div><\/a>\r\n\t\t\t\t<div class=\"elementor-post__badge\">Blog<\/div>\r\n\t\t\t\t<div class=\"elementor-post__text\">\r\n\t\t\t\t<h3 class=\"elementor-post__title\">\r\n\t\t\t<a href=\"https:\/\/2m-entornosinteractivos.com\/ceipmenuts\/index.php\/2023\/03\/16\/servicio-medico-kids-care\/\" target=&quot;_blank&quot;>\r\n\t\t\t\tServicio M\u00e9dico ( Kids Care )\t\t\t<\/a>\r\n\t\t<\/h3>\r\n\t\t\t\t<div class=\"elementor-post__excerpt\">\r\n\t\t\t<p>Los Centros pueden ofrecer un servicio m\u00e9dico durante todo el horario escolar.<br \/>\nLas familias est\u00e1n tranquilas de que, ante cualquier suceso, el centro cuenta con la posibilidad de consultar al instante con un equipo m\u00e9dico.<\/p>\n\t\t<\/div>\r\n\t\t\t\t\t<a class=\"elementor-post__read-more\" href=\"https:\/\/2m-entornosinteractivos.com\/ceipmenuts\/index.php\/2023\/03\/16\/servicio-medico-kids-care\/\" target=\"_blank\">\r\n\t\t\t\tLeer m\u00e1s\t\t\t<\/a>\r\n\t\t\t\t<\/div>\r\n\t\t\t\t<div class=\"elementor-post__meta-data\">\r\n\t\t\t\t\t<span class=\"elementor-post-date\">\r\n\t\t\tmarzo 16, 2023\t\t<\/span>\r\n\t\t\t\t<\/div>\r\n\t\t\t\t\t<\/div>\r\n\t\t<\/article>\r\n\t\t\t\t<article class=\"elementor-post elementor-grid-item post-920 post type-post status-publish format-standard has-post-thumbnail hentry category-blog\">\r\n\t\t\t<div class=\"elementor-post__card\">\r\n\t\t\t\t<a class=\"elementor-post__thumbnail__link\" href=\"https:\/\/2m-entornosinteractivos.com\/ceipmenuts\/index.php\/2023\/03\/16\/prueba-3\/\" target=\"_blank\"><div class=\"elementor-post__thumbnail\"><img width=\"300\" height=\"169\" src=\"https:\/\/2m-entornosinteractivos.com\/ceipmenuts\/wp-content\/uploads\/2023\/02\/Primeros_auxilios_880X495-300x169.png\" class=\"attachment-medium size-medium wp-image-262\" alt=\"\" decoding=\"async\" loading=\"lazy\" srcset=\"https:\/\/2m-entornosinteractivos.com\/ceipmenuts\/wp-content\/uploads\/2023\/02\/Primeros_auxilios_880X495-300x169.png 300w, https:\/\/2m-entornosinteractivos.com\/ceipmenuts\/wp-content\/uploads\/2023\/02\/Primeros_auxilios_880X495-768x432.png 768w, https:\/\/2m-entornosinteractivos.com\/ceipmenuts\/wp-content\/uploads\/2023\/02\/Primeros_auxilios_880X495.png 880w\" sizes=\"(max-width: 300px) 100vw, 300px\" \/><\/div><\/a>\r\n\t\t\t\t<div class=\"elementor-post__badge\">Blog<\/div>\r\n\t\t\t\t<div class=\"elementor-post__text\">\r\n\t\t\t\t<h3 class=\"elementor-post__title\">\r\n\t\t\t<a href=\"https:\/\/2m-entornosinteractivos.com\/ceipmenuts\/index.php\/2023\/03\/16\/prueba-3\/\" target=&quot;_blank&quot;>\r\n\t\t\t\tPrimeros auxilios y RCP\t\t\t<\/a>\r\n\t\t<\/h3>\r\n\t\t\t\t<div class=\"elementor-post__excerpt\">\r\n\t\t\t<p>Nuestro equipo  docente actualiza su formaci\u00f3n en seguridad con un nuevo curso de RCP y Primeros Auxilios. El pasado lunes , las se\u00f1os de Cei Menuts recibimos la  formaci\u00f3n te\u00f3rico\u2010<\/p>\n\t\t<\/div>\r\n\t\t\t\t\t<a class=\"elementor-post__read-more\" href=\"https:\/\/2m-entornosinteractivos.com\/ceipmenuts\/index.php\/2023\/03\/16\/prueba-3\/\" target=\"_blank\">\r\n\t\t\t\tLeer m\u00e1s\t\t\t<\/a>\r\n\t\t\t\t<\/div>\r\n\t\t\t\t<div class=\"elementor-post__meta-data\">\r\n\t\t\t\t\t<span class=\"elementor-post-date\">\r\n\t\t\tmarzo 16, 2023\t\t<\/span>\r\n\t\t\t\t<\/div>\r\n\t\t\t\t\t<\/div>\r\n\t\t<\/article>\r\n\t\t\t\t<article class=\"elementor-post elementor-grid-item post-919 post type-post status-publish format-standard has-post-thumbnail hentry category-blog\">\r\n\t\t\t<div class=\"elementor-post__card\">\r\n\t\t\t\t<a class=\"elementor-post__thumbnail__link\" href=\"https:\/\/2m-entornosinteractivos.com\/ceipmenuts\/index.php\/2023\/03\/16\/prueba-4\/\" target=\"_blank\"><div class=\"elementor-post__thumbnail\"><img width=\"300\" height=\"169\" src=\"https:\/\/2m-entornosinteractivos.com\/ceipmenuts\/wp-content\/uploads\/2023\/02\/Revision_dental-300x169.png\" class=\"attachment-medium size-medium wp-image-266\" alt=\"\" decoding=\"async\" loading=\"lazy\" srcset=\"https:\/\/2m-entornosinteractivos.com\/ceipmenuts\/wp-content\/uploads\/2023\/02\/Revision_dental-300x169.png 300w, https:\/\/2m-entornosinteractivos.com\/ceipmenuts\/wp-content\/uploads\/2023\/02\/Revision_dental-768x432.png 768w, https:\/\/2m-entornosinteractivos.com\/ceipmenuts\/wp-content\/uploads\/2023\/02\/Revision_dental.png 880w\" sizes=\"(max-width: 300px) 100vw, 300px\" \/><\/div><\/a>\r\n\t\t\t\t<div class=\"elementor-post__badge\">Blog<\/div>\r\n\t\t\t\t<div class=\"elementor-post__text\">\r\n\t\t\t\t<h3 class=\"elementor-post__title\">\r\n\t\t\t<a href=\"https:\/\/2m-entornosinteractivos.com\/ceipmenuts\/index.php\/2023\/03\/16\/prueba-4\/\" target=&quot;_blank&quot;>\r\n\t\t\t\tRevisi\u00f3n odontopedri\u00e1trica\t\t\t<\/a>\r\n\t\t<\/h3>\r\n\t\t\t\t<div class=\"elementor-post__excerpt\">\r\n\t\t\t<p>La salud bucodental en los ni\u00f1os de 0-3 es tan importante que no debemos retrasar sus revisiones de los  peque\u00f1os, aunque aparentemente todo se desarrolle de forma<\/p>\n\t\t<\/div>\r\n\t\t\t\t\t<a class=\"elementor-post__read-more\" href=\"https:\/\/2m-entornosinteractivos.com\/ceipmenuts\/index.php\/2023\/03\/16\/prueba-4\/\" target=\"_blank\">\r\n\t\t\t\tLeer m\u00e1s\t\t\t<\/a>\r\n\t\t\t\t<\/div>\r\n\t\t\t\t<div class=\"elementor-post__meta-data\">\r\n\t\t\t\t\t<span class=\"elementor-post-date\">\r\n\t\t\tmarzo 16, 2023\t\t<\/span>\r\n\t\t\t\t<\/div>\r\n\t\t\t\t\t<\/div>\r\n\t\t<\/article>\r\n\t\t\t\t<article class=\"elementor-post elementor-grid-item post-917 post type-post status-publish format-standard has-post-thumbnail hentry category-blog\">\r\n\t\t\t<div class=\"elementor-post__card\">\r\n\t\t\t\t<a class=\"elementor-post__thumbnail__link\" href=\"https:\/\/2m-entornosinteractivos.com\/ceipmenuts\/index.php\/2023\/03\/16\/prueba-1\/\" target=\"_blank\"><div class=\"elementor-post__thumbnail\"><img width=\"300\" height=\"300\" src=\"https:\/\/2m-entornosinteractivos.com\/ceipmenuts\/wp-content\/uploads\/2023\/02\/Rincon-de-Senos_\u263a-300x300.jpg\" class=\"attachment-medium size-medium wp-image-372\" alt=\"Foto del equipo docente\" decoding=\"async\" loading=\"lazy\" srcset=\"https:\/\/2m-entornosinteractivos.com\/ceipmenuts\/wp-content\/uploads\/2023\/02\/Rincon-de-Senos_\u263a-300x300.jpg 300w, https:\/\/2m-entornosinteractivos.com\/ceipmenuts\/wp-content\/uploads\/2023\/02\/Rincon-de-Senos_\u263a-1024x1024.jpg 1024w, https:\/\/2m-entornosinteractivos.com\/ceipmenuts\/wp-content\/uploads\/2023\/02\/Rincon-de-Senos_\u263a-150x150.jpg 150w, https:\/\/2m-entornosinteractivos.com\/ceipmenuts\/wp-content\/uploads\/2023\/02\/Rincon-de-Senos_\u263a-768x768.jpg 768w, https:\/\/2m-entornosinteractivos.com\/ceipmenuts\/wp-content\/uploads\/2023\/02\/Rincon-de-Senos_\u263a-1536x1536.jpg 1536w, https:\/\/2m-entornosinteractivos.com\/ceipmenuts\/wp-content\/uploads\/2023\/02\/Rincon-de-Senos_\u263a-2048x2048.jpg 2048w\" sizes=\"(max-width: 300px) 100vw, 300px\" \/><\/div><\/a>\r\n\t\t\t\t<div class=\"elementor-post__badge\">Blog<\/div>\r\n\t\t\t\t<div class=\"elementor-post__text\">\r\n\t\t\t\t<h3 class=\"elementor-post__title\">\r\n\t\t\t<a href=\"https:\/\/2m-entornosinteractivos.com\/ceipmenuts\/index.php\/2023\/03\/16\/prueba-1\/\" target=&quot;_blank&quot;>\r\n\t\t\t\tEscolarizaci\u00f3n Gratuita\t\t\t<\/a>\r\n\t\t<\/h3>\r\n\t\t\t\t<div class=\"elementor-post__excerpt\">\r\n\t\t\t<p>Un bono de 280 euros garantizar\u00e1 la plaza gratuita al alumnado de dos a\u00f1os en escuelas infantiles privadas<\/p>\n\t\t<\/div>\r\n\t\t\t\t\t<a class=\"elementor-post__read-more\" href=\"https:\/\/2m-entornosinteractivos.com\/ceipmenuts\/index.php\/2023\/03\/16\/prueba-1\/\" target=\"_blank\">\r\n\t\t\t\tLeer m\u00e1s\t\t\t<\/a>\r\n\t\t\t\t<\/div>\r\n\t\t\t\t<div class=\"elementor-post__meta-data\">\r\n\t\t\t\t\t<span class=\"elementor-post-date\">\r\n\t\t\tmarzo 16, 2023\t\t<\/span>\r\n\t\t\t\t<\/div>\r\n\t\t\t\t\t<\/div>\r\n\t\t<\/article>\r\n\t\t\t\t<\/div>\r\n\r\n\r\n\t\t\r\n\t\t\t\t<\/div>\n\t\t\t\t<\/div>\n\t\t\t\t\t<\/div>\n\t\t<\/div>\n\t\t\t\t\t\t\t<\/div>\n\t\t<\/section>\n\t\t\t\t\t\t\t<\/div>\n\t\t","protected":false},"excerpt":{"rendered":"<p>Blog Lo perfecto es enemigo de lo bueno Voltaire<\/p>\n","protected":false},"author":1,"featured_media":0,"parent":0,"menu_order":0,"comment_status":"closed","ping_status":"closed","template":"elementor_header_footer","meta":[],"_links":{"self":[{"href":"https:\/\/2m-entornosinteractivos.com\/ceipmenuts\/index.php\/wp-json\/wp\/v2\/pages\/24"}],"collection":[{"href":"https:\/\/2m-entornosinteractivos.com\/ceipmenuts\/index.php\/wp-json\/wp\/v2\/pages"}],"about":[{"href":"https:\/\/2m-entornosinteractivos.com\/ceipmenuts\/index.php\/wp-json\/wp\/v2\/types\/page"}],"author":[{"embeddable":true,"href":"https:\/\/2m-entornosinteractivos.com\/ceipmenuts\/index.php\/wp-json\/wp\/v2\/users\/1"}],"replies":[{"embeddable":true,"href":"https:\/\/2m-entornosinteractivos.com\/ceipmenuts\/index.php\/wp-json\/wp\/v2\/comments?post=24"}],"version-history":[{"count":34,"href":"https:\/\/2m-entornosinteractivos.com\/ceipmenuts\/index.php\/wp-json\/wp\/v2\/pages\/24\/revisions"}],"predecessor-version":[{"id":3194,"href":"https:\/\/2m-entornosinteractivos.com\/ceipmenuts\/index.php\/wp-json\/wp\/v2\/pages\/24\/revisions\/3194"}],"wp:attachment":[{"href":"https:\/\/2m-entornosinteractivos.com\/ceipmenuts\/index.php\/wp-json\/wp\/v2\/media?parent=24"}],"curies":[{"name":"wp","href":"https:\/\/api.w.org\/{rel}","templated":true}]}}