{"id":26,"date":"2023-02-08T16:23:08","date_gmt":"2023-02-08T16:23:08","guid":{"rendered":"https:\/\/2m-entornosinteractivos.com\/ceipmenuts\/?page_id=26"},"modified":"2023-04-20T18:04:11","modified_gmt":"2023-04-20T18:04:11","slug":"contacto","status":"publish","type":"page","link":"https:\/\/2m-entornosinteractivos.com\/ceipmenuts\/index.php\/contacto\/","title":{"rendered":"Contacto"},"content":{"rendered":"\t\t<div data-elementor-type=\"wp-page\" data-elementor-id=\"26\" class=\"elementor elementor-26\">\n\t\t\t\t\t\t\t\t\t<section class=\"elementor-section elementor-top-section elementor-element elementor-element-5c75fa9 elementor-section-full_width elementor-section-height-full elementor-section-items-stretch elementor-section-content-middle elementor-section-height-default\" data-id=\"5c75fa9\" data-element_type=\"section\" data-settings=\"{&quot;background_background&quot;:&quot;classic&quot;}\">\n\t\t\t\t\t\t<div class=\"elementor-container elementor-column-gap-no\">\n\t\t\t\t\t<div class=\"elementor-column elementor-col-100 elementor-top-column elementor-element elementor-element-f77b0e6\" data-id=\"f77b0e6\" data-element_type=\"column\">\n\t\t\t<div class=\"elementor-widget-wrap elementor-element-populated\">\n\t\t\t\t\t\t\t\t<div class=\"elementor-element elementor-element-0081d27 elementor-widget elementor-widget-spacer\" data-id=\"0081d27\" data-element_type=\"widget\" data-widget_type=\"spacer.default\">\n\t\t\t\t<div class=\"elementor-widget-container\">\n\t\t\t<style>\/*! elementor - v3.10.2 - 29-01-2023 *\/\n.elementor-column .elementor-spacer-inner{height:var(--spacer-size)}.e-con{--container-widget-width:100%}.e-con-inner>.elementor-widget-spacer,.e-con>.elementor-widget-spacer{width:var(--container-widget-width,var(--spacer-size));--align-self:var(--container-widget-align-self,initial);--flex-shrink:0}.e-con-inner>.elementor-widget-spacer>.elementor-widget-container,.e-con-inner>.elementor-widget-spacer>.elementor-widget-container>.elementor-spacer,.e-con>.elementor-widget-spacer>.elementor-widget-container,.e-con>.elementor-widget-spacer>.elementor-widget-container>.elementor-spacer{height:100%}.e-con-inner>.elementor-widget-spacer>.elementor-widget-container>.elementor-spacer>.elementor-spacer-inner,.e-con>.elementor-widget-spacer>.elementor-widget-container>.elementor-spacer>.elementor-spacer-inner{height:var(--container-widget-height,var(--spacer-size))}<\/style>\t\t<div class=\"elementor-spacer\">\n\t\t\t<div class=\"elementor-spacer-inner\"><\/div>\n\t\t<\/div>\n\t\t\t\t<\/div>\n\t\t\t\t<\/div>\n\t\t\t\t<div class=\"elementor-element elementor-element-302bbb6 elementor-widget elementor-widget-heading\" data-id=\"302bbb6\" data-element_type=\"widget\" data-widget_type=\"heading.default\">\n\t\t\t\t<div class=\"elementor-widget-container\">\n\t\t\t<style>\/*! elementor - v3.10.2 - 29-01-2023 *\/\n.elementor-heading-title{padding:0;margin:0;line-height:1}.elementor-widget-heading .elementor-heading-title[class*=elementor-size-]>a{color:inherit;font-size:inherit;line-height:inherit}.elementor-widget-heading .elementor-heading-title.elementor-size-small{font-size:15px}.elementor-widget-heading .elementor-heading-title.elementor-size-medium{font-size:19px}.elementor-widget-heading .elementor-heading-title.elementor-size-large{font-size:29px}.elementor-widget-heading .elementor-heading-title.elementor-size-xl{font-size:39px}.elementor-widget-heading .elementor-heading-title.elementor-size-xxl{font-size:59px}<\/style><h2 class=\"elementor-heading-title elementor-size-xxl\">\u00bfHablamos?<\/h2>\t\t<\/div>\n\t\t\t\t<\/div>\n\t\t\t\t<div class=\"elementor-element elementor-element-185e6b2 elementor-widget elementor-widget-text-editor\" data-id=\"185e6b2\" data-element_type=\"widget\" data-widget_type=\"text-editor.default\">\n\t\t\t\t<div class=\"elementor-widget-container\">\n\t\t\t<style>\/*! elementor - v3.10.2 - 29-01-2023 *\/\n.elementor-widget-text-editor.elementor-drop-cap-view-stacked .elementor-drop-cap{background-color:#818a91;color:#fff}.elementor-widget-text-editor.elementor-drop-cap-view-framed .elementor-drop-cap{color:#818a91;border:3px solid;background-color:transparent}.elementor-widget-text-editor:not(.elementor-drop-cap-view-default) .elementor-drop-cap{margin-top:8px}.elementor-widget-text-editor:not(.elementor-drop-cap-view-default) .elementor-drop-cap-letter{width:1em;height:1em}.elementor-widget-text-editor .elementor-drop-cap{float:left;text-align:center;line-height:1;font-size:50px}.elementor-widget-text-editor .elementor-drop-cap-letter{display:inline-block}<\/style>\t\t\t\t<p>Estamos a tu disposici\u00f3n para cualquier informaci\u00f3n que necesites.<\/p>\t\t\t\t\t\t<\/div>\n\t\t\t\t<\/div>\n\t\t\t\t\t<\/div>\n\t\t<\/div>\n\t\t\t\t\t\t\t<\/div>\n\t\t<\/section>\n\t\t\t\t<section class=\"elementor-section elementor-top-section elementor-element elementor-element-a15d286 elementor-hidden-mobile elementor-section-boxed elementor-section-height-default elementor-section-height-default\" data-id=\"a15d286\" data-element_type=\"section\">\n\t\t\t\t\t\t<div class=\"elementor-container elementor-column-gap-default\">\n\t\t\t\t\t<div class=\"elementor-column elementor-col-100 elementor-top-column elementor-element elementor-element-9317a84\" data-id=\"9317a84\" data-element_type=\"column\">\n\t\t\t<div class=\"elementor-widget-wrap elementor-element-populated\">\n\t\t\t\t\t\t\t\t<div class=\"elementor-element elementor-element-c11f356 elementor-widget elementor-widget-heading\" data-id=\"c11f356\" data-element_type=\"widget\" data-widget_type=\"heading.default\">\n\t\t\t\t<div class=\"elementor-widget-container\">\n\t\t\t<h2 class=\"elementor-heading-title elementor-size-xl\">Contacta con nosotros<\/h2>\t\t<\/div>\n\t\t\t\t<\/div>\n\t\t\t\t\t<\/div>\n\t\t<\/div>\n\t\t\t\t\t\t\t<\/div>\n\t\t<\/section>\n\t\t\t\t<section class=\"elementor-section elementor-top-section elementor-element elementor-element-1486959 elementor-section-height-min-height elementor-section-items-stretch elementor-section-content-middle elementor-section-boxed elementor-section-height-default\" data-id=\"1486959\" data-element_type=\"section\" data-settings=\"{&quot;background_background&quot;:&quot;classic&quot;}\">\n\t\t\t\t\t\t<div class=\"elementor-container elementor-column-gap-no\">\n\t\t\t\t\t<div class=\"elementor-column elementor-col-50 elementor-top-column elementor-element elementor-element-c3649ca\" data-id=\"c3649ca\" data-element_type=\"column\" data-settings=\"{&quot;background_background&quot;:&quot;classic&quot;}\">\n\t\t\t<div class=\"elementor-widget-wrap elementor-element-populated\">\n\t\t\t\t\t\t\t\t<div class=\"elementor-element elementor-element-731045f elementor-widget elementor-widget-theme-site-logo elementor-widget-image\" data-id=\"731045f\" data-element_type=\"widget\" data-widget_type=\"theme-site-logo.default\">\n\t\t\t\t<div class=\"elementor-widget-container\">\n\t\t\t<style>\/*! elementor - v3.10.2 - 29-01-2023 *\/\n.elementor-widget-image{text-align:center}.elementor-widget-image a{display:inline-block}.elementor-widget-image a img[src$=\".svg\"]{width:48px}.elementor-widget-image img{vertical-align:middle;display:inline-block}<\/style>\t\t\t\t\t\t\t\t\t\t\t\t\t<a href=\"https:\/\/2m-entornosinteractivos.com\/ceipmenuts\">\n\t\t\t\t\t\t\t<img decoding=\"async\" width=\"120\" height=\"68\" src=\"https:\/\/2m-entornosinteractivos.com\/ceipmenuts\/wp-content\/uploads\/2023\/02\/cropped-escuela-infantil-menuts-1.png\" class=\"attachment-full size-full wp-image-15\" alt=\"\" loading=\"lazy\" \/>\t\t\t\t\t\t\t\t<\/a>\n\t\t\t\t\t\t\t\t\t\t\t\t\t\t\t<\/div>\n\t\t\t\t<\/div>\n\t\t\t\t<div class=\"elementor-element elementor-element-0b5ffe2 elementor-widget elementor-widget-heading\" data-id=\"0b5ffe2\" data-element_type=\"widget\" data-widget_type=\"heading.default\">\n\t\t\t\t<div class=\"elementor-widget-container\">\n\t\t\t<h2 class=\"elementor-heading-title elementor-size-default\">Informaci\u00f3n de Contacto<\/h2>\t\t<\/div>\n\t\t\t\t<\/div>\n\t\t\t\t<div class=\"elementor-element elementor-element-b86e9c9 elementor-align-left elementor-icon-list--layout-traditional elementor-list-item-link-full_width elementor-widget elementor-widget-icon-list\" data-id=\"b86e9c9\" data-element_type=\"widget\" data-widget_type=\"icon-list.default\">\n\t\t\t\t<div class=\"elementor-widget-container\">\n\t\t\t<link rel=\"stylesheet\" href=\"https:\/\/2m-entornosinteractivos.com\/ceipmenuts\/wp-content\/uploads\/elementor\/css\/custom-widget-icon-list.min.css?ver=1695622305\">\t\t<ul class=\"elementor-icon-list-items\">\n\t\t\t\t\t\t\t<li class=\"elementor-icon-list-item\">\n\t\t\t\t\t\t\t\t\t\t<span class=\"elementor-icon-list-text\">DIRECCI\u00d3N:       C\/San Don\u00eds, 16 Bajo 46200 Paiporta (Valencia) <\/span>\n\t\t\t\t\t\t\t\t\t<\/li>\n\t\t\t\t\t\t\t\t<li class=\"elementor-icon-list-item\">\n\t\t\t\t\t\t\t\t\t\t<span class=\"elementor-icon-list-text\">CORREO:    Ceimenuts@gmail.com<\/span>\n\t\t\t\t\t\t\t\t\t<\/li>\n\t\t\t\t\t\t\t\t<li class=\"elementor-icon-list-item\">\n\t\t\t\t\t\t\t\t\t\t<span class=\"elementor-icon-list-text\">TEL\u00c9FONO:    Tel -+34963979391 \/  M\u00f3vil -  670346653<\/span>\n\t\t\t\t\t\t\t\t\t<\/li>\n\t\t\t\t\t\t\t\t<li class=\"elementor-icon-list-item\">\n\t\t\t\t\t\t\t\t\t\t<span class=\"elementor-icon-list-text\">HORARIOS:    De Lunes aViernes de 7:30h a 17:00h <\/span>\n\t\t\t\t\t\t\t\t\t<\/li>\n\t\t\t\t\t\t\t\t<li class=\"elementor-icon-list-item\">\n\t\t\t\t\t\t\t\t\t\t<span class=\"elementor-icon-list-text\">Abrimos en Agosto con grupo m\u00ednimo<\/span>\n\t\t\t\t\t\t\t\t\t<\/li>\n\t\t\t\t\t\t<\/ul>\n\t\t\t\t<\/div>\n\t\t\t\t<\/div>\n\t\t\t\t\t<\/div>\n\t\t<\/div>\n\t\t\t\t<div class=\"elementor-column elementor-col-50 elementor-top-column elementor-element elementor-element-6693cef\" data-id=\"6693cef\" data-element_type=\"column\">\n\t\t\t<div class=\"elementor-widget-wrap elementor-element-populated\">\n\t\t\t\t\t\t\t\t<div class=\"elementor-element elementor-element-f200c6f elementor-widget elementor-widget-google_maps\" data-id=\"f200c6f\" data-element_type=\"widget\" data-widget_type=\"google_maps.default\">\n\t\t\t\t<div class=\"elementor-widget-container\">\n\t\t\t<style>\/*! elementor - v3.10.2 - 29-01-2023 *\/\n.elementor-widget-google_maps .elementor-widget-container{overflow:hidden}.elementor-widget-google_maps iframe{height:300px}<\/style>\t\t<div class=\"elementor-custom-embed\">\n\t\t\t<iframe loading=\"lazy\"\n\t\t\t\t\tsrc=\"https:\/\/maps.google.com\/maps?q=paiporta&#038;t=m&#038;z=10&#038;output=embed&#038;iwloc=near\"\n\t\t\t\t\ttitle=\"paiporta\"\n\t\t\t\t\taria-label=\"paiporta\"\n\t\t\t><\/iframe>\n\t\t<\/div>\n\t\t\t\t<\/div>\n\t\t\t\t<\/div>\n\t\t\t\t\t<\/div>\n\t\t<\/div>\n\t\t\t\t\t\t\t<\/div>\n\t\t<\/section>\n\t\t\t\t<section class=\"elementor-section elementor-top-section elementor-element elementor-element-be5ac56 elementor-section-boxed elementor-section-height-default elementor-section-height-default\" data-id=\"be5ac56\" data-element_type=\"section\">\n\t\t\t\t\t\t<div class=\"elementor-container elementor-column-gap-default\">\n\t\t\t\t\t<div class=\"elementor-column elementor-col-100 elementor-top-column elementor-element elementor-element-6367140\" data-id=\"6367140\" data-element_type=\"column\">\n\t\t\t<div class=\"elementor-widget-wrap elementor-element-populated\">\n\t\t\t\t\t\t\t\t<div class=\"elementor-element elementor-element-f532577 elementor-widget elementor-widget-toggle\" data-id=\"f532577\" data-element_type=\"widget\" data-widget_type=\"toggle.default\">\n\t\t\t\t<div class=\"elementor-widget-container\">\n\t\t\t<style>.elementor-toggle{text-align:left}.elementor-toggle .elementor-tab-title{font-weight:700;line-height:1;margin:0;padding:15px;border-bottom:1px solid #d4d4d4;cursor:pointer;outline:none}.elementor-toggle .elementor-tab-title .elementor-toggle-icon{display:inline-block;width:1em}.elementor-toggle .elementor-tab-title .elementor-toggle-icon svg{-webkit-margin-start:-5px;margin-inline-start:-5px;width:1em;height:1em}.elementor-toggle .elementor-tab-title .elementor-toggle-icon.elementor-toggle-icon-right{float:right;text-align:right}.elementor-toggle .elementor-tab-title .elementor-toggle-icon.elementor-toggle-icon-left{float:left;text-align:left}.elementor-toggle .elementor-tab-title .elementor-toggle-icon .elementor-toggle-icon-closed{display:block}.elementor-toggle .elementor-tab-title .elementor-toggle-icon .elementor-toggle-icon-opened{display:none}.elementor-toggle .elementor-tab-title.elementor-active{border-bottom:none}.elementor-toggle .elementor-tab-title.elementor-active .elementor-toggle-icon-closed{display:none}.elementor-toggle .elementor-tab-title.elementor-active .elementor-toggle-icon-opened{display:block}.elementor-toggle .elementor-tab-content{padding:15px;border-bottom:1px solid #d4d4d4;display:none}@media (max-width:767px){.elementor-toggle .elementor-tab-title{padding:12px}.elementor-toggle .elementor-tab-content{padding:12px 10px}}.e-con-inner>.elementor-widget-toggle,.e-con>.elementor-widget-toggle{width:var(--container-widget-width);--flex-grow:var(--container-widget-flex-grow)}<\/style>\t\t<div class=\"elementor-toggle\" role=\"tablist\">\n\t\t\t\t\t\t\t<div class=\"elementor-toggle-item\">\n\t\t\t\t\t<h5 id=\"elementor-tab-title-2571\" class=\"elementor-tab-title\" data-tab=\"1\" role=\"tab\" aria-controls=\"elementor-tab-content-2571\" aria-expanded=\"false\">\n\t\t\t\t\t\t\t\t\t\t\t\t<span class=\"elementor-toggle-icon elementor-toggle-icon-left\" aria-hidden=\"true\">\n\t\t\t\t\t\t\t\t\t\t\t\t\t\t\t<span class=\"elementor-toggle-icon-closed\"><i class=\"fas fa-caret-right\"><\/i><\/span>\n\t\t\t\t\t\t\t\t<span class=\"elementor-toggle-icon-opened\"><i class=\"elementor-toggle-icon-opened fas fa-caret-up\"><\/i><\/span>\n\t\t\t\t\t\t\t\t\t\t\t\t\t<\/span>\n\t\t\t\t\t\t\t\t\t\t\t\t<a href=\"\" class=\"elementor-toggle-title\">Notas sobre la protecci\u00f3n de datos<\/a>\n\t\t\t\t\t<\/h5>\n\n\t\t\t\t\t<div id=\"elementor-tab-content-2571\" class=\"elementor-tab-content elementor-clearfix\" data-tab=\"1\" role=\"tabpanel\" aria-labelledby=\"elementor-tab-title-2571\"><h5><b>RESPONSABLE TRATAMIENTO<\/b><\/h5><p>Raz\u00f3n social: MENUTS MASPONS, S.L.<\/p><p>NIF\/CIF: B97608814<\/p><p>Direcci\u00f3n:\u00a0<span class=\"address-street\">C\/ Sant Don\u00eds, 16 bajo\u00a0<\/span><span class=\"address-postal-code\">46200\u00a0<\/span><span class=\"address-locality\">Paiporta Valencia<\/span><\/p><p>Correo: ceimenuts@gmail.com<\/p><h5><b>FINALIDAD<\/b><\/h5><p>Se trata la informaci\u00f3n que nos facilitan las personas interesadas a trav\u00e9s de cualquiera de los diferentes formularios que se ponen a su disposici\u00f3n en la p\u00e1gina web, con el fin de gestionar el env\u00edo de la informaci\u00f3n que nos soliciten, pudiendo elaborarse, de ser necesario, un perfil comercial, en base a la informaci\u00f3n facilitada. No se tomar\u00e1n decisiones automatizadas en base a dicho perfil. Los datos personales proporcionados se conservar\u00e1n mientras se mantenga la relaci\u00f3n mercantil, y no se solicite su supresi\u00f3n por el interesado.<\/p><h5><b>LEGITIMACI\u00d3N<\/b><\/h5><p>Se solicita el consentimiento del interesado para el tratamiento de sus datos y la oferta prospectiva de productos y servicios.<\/p><h5><b>DESTINATARIOS<\/b><\/h5><p>Los datos personales no se ceder\u00e1n a terceros, salvo en su caso, otras empresas de grupo para fines administrativos internos.<\/p><h5><b>DERECHOS<\/b><\/h5><p>Los interesados tienen derecho a acceder a sus datos personales, as\u00ed como a solicitar la rectificaci\u00f3n de los datos inexactos o, en su caso, solicitar su supresi\u00f3n cuando los datos ya no sean necesarios para los fines que fueron recogidos. Los interesados en determinadas circunstancias tambi\u00e9n podr\u00e1n limitar u oponerse al tratamiento de sus datos, as\u00ed como solicitar la portabilidad de los mismos. Tambi\u00e9n tendr\u00e1 derecho a retirar su consentimiento y a presentar una queja ante la Autoridad de Control. Para ejercer sus derechos deber\u00e1 dirigirse al Responsable en la direcci\u00f3n que figura en el primer cuadro, acompa\u00f1ado de copia del documento de identidad del interesado.<\/p><p>\u00a0<\/p><\/div>\n\t\t\t\t<\/div>\n\t\t\t\t\t\t\t\t\t\t<script type=\"application\/ld+json\">{\"@context\":\"https:\\\/\\\/schema.org\",\"@type\":\"FAQPage\",\"mainEntity\":[{\"@type\":\"Question\",\"name\":\"Notas sobre la protecci\\u00f3n de datos\",\"acceptedAnswer\":{\"@type\":\"Answer\",\"text\":\"<h5><b>RESPONSABLE TRATAMIENTO<\\\/b><\\\/h5><p>Raz\\u00f3n social: MENUTS MASPONS, S.L.<\\\/p><p>NIF\\\/CIF: B97608814<\\\/p><p>Direcci\\u00f3n:\\u00a0<span class=\\\"address-street\\\">C\\\/ Sant Don\\u00eds, 16 bajo\\u00a0<\\\/span><span class=\\\"address-postal-code\\\">46200\\u00a0<\\\/span><span class=\\\"address-locality\\\">Paiporta Valencia<\\\/span><\\\/p><p>Correo: ceimenuts@gmail.com<\\\/p><h5><b>FINALIDAD<\\\/b><\\\/h5><p>Se trata la informaci\\u00f3n que nos facilitan las personas interesadas a trav\\u00e9s de cualquiera de los diferentes formularios que se ponen a su disposici\\u00f3n en la p\\u00e1gina web, con el fin de gestionar el env\\u00edo de la informaci\\u00f3n que nos soliciten, pudiendo elaborarse, de ser necesario, un perfil comercial, en base a la informaci\\u00f3n facilitada. No se tomar\\u00e1n decisiones automatizadas en base a dicho perfil. Los datos personales proporcionados se conservar\\u00e1n mientras se mantenga la relaci\\u00f3n mercantil, y no se solicite su supresi\\u00f3n por el interesado.<\\\/p><h5><b>LEGITIMACI\\u00d3N<\\\/b><\\\/h5><p>Se solicita el consentimiento del interesado para el tratamiento de sus datos y la oferta prospectiva de productos y servicios.<\\\/p><h5><b>DESTINATARIOS<\\\/b><\\\/h5><p>Los datos personales no se ceder\\u00e1n a terceros, salvo en su caso, otras empresas de grupo para fines administrativos internos.<\\\/p><h5><b>DERECHOS<\\\/b><\\\/h5><p>Los interesados tienen derecho a acceder a sus datos personales, as\\u00ed como a solicitar la rectificaci\\u00f3n de los datos inexactos o, en su caso, solicitar su supresi\\u00f3n cuando los datos ya no sean necesarios para los fines que fueron recogidos. Los interesados en determinadas circunstancias tambi\\u00e9n podr\\u00e1n limitar u oponerse al tratamiento de sus datos, as\\u00ed como solicitar la portabilidad de los mismos. Tambi\\u00e9n tendr\\u00e1 derecho a retirar su consentimiento y a presentar una queja ante la Autoridad de Control. Para ejercer sus derechos deber\\u00e1 dirigirse al Responsable en la direcci\\u00f3n que figura en el primer cuadro, acompa\\u00f1ado de copia del documento de identidad del interesado.<\\\/p><p>\\u00a0<\\\/p>\"}}]}<\/script>\n\t\t\t\t\t<\/div>\n\t\t\t\t<\/div>\n\t\t\t\t<\/div>\n\t\t\t\t\t<\/div>\n\t\t<\/div>\n\t\t\t\t\t\t\t<\/div>\n\t\t<\/section>\n\t\t\t\t<section class=\"elementor-section elementor-top-section elementor-element elementor-element-b878621 elementor-section-boxed elementor-section-height-default elementor-section-height-default\" data-id=\"b878621\" data-element_type=\"section\">\n\t\t\t\t\t\t<div class=\"elementor-container elementor-column-gap-default\">\n\t\t\t\t\t<div class=\"elementor-column elementor-col-100 elementor-top-column elementor-element elementor-element-2fe4341\" data-id=\"2fe4341\" data-element_type=\"column\">\n\t\t\t<div class=\"elementor-widget-wrap elementor-element-populated\">\n\t\t\t\t\t\t\t\t<div class=\"elementor-element elementor-element-96518b5 eael-contact-form-7-button-align-left eael-contact-form-7-button-custom elementor-widget elementor-widget-eael-contact-form-7\" data-id=\"96518b5\" data-element_type=\"widget\" data-widget_type=\"eael-contact-form-7.default\">\n\t\t\t\t<div class=\"elementor-widget-container\">\n\t\t\t<div class=\"eael-contact-form-7-wrapper\">\n                <div class=\"eael-contact-form eael-contact-form-7 eael-contact-form-96518b5 placeholder-show eael-custom-radio-checkbox eael-contact-form-align-default\"><div class=\"eael-contact-form-7-heading\"><h3 class=\"eael-contact-form-title eael-contact-form-7-title\">\n                                    Contacta con nosotros\n                                <\/h3><\/div>\n<div class=\"wpcf7 no-js\" id=\"wpcf7-f1063-o1\" lang=\"es-ES\" dir=\"ltr\">\n<div class=\"screen-reader-response\"><p role=\"status\" aria-live=\"polite\" aria-atomic=\"true\"><\/p> <ul><\/ul><\/div>\n<form action=\"\/ceipmenuts\/index.php\/wp-json\/wp\/v2\/pages\/26#wpcf7-f1063-o1\" method=\"post\" class=\"wpcf7-form init\" aria-label=\"Formulario de contacto\" novalidate=\"novalidate\" data-status=\"init\">\n<div style=\"display: none;\">\n<input type=\"hidden\" name=\"_wpcf7\" value=\"1063\" \/>\n<input type=\"hidden\" name=\"_wpcf7_version\" value=\"5.7.4\" \/>\n<input type=\"hidden\" name=\"_wpcf7_locale\" value=\"es_ES\" \/>\n<input type=\"hidden\" name=\"_wpcf7_unit_tag\" value=\"wpcf7-f1063-o1\" \/>\n<input type=\"hidden\" name=\"_wpcf7_container_post\" value=\"0\" \/>\n<input type=\"hidden\" name=\"_wpcf7_posted_data_hash\" value=\"\" \/>\n<\/div>\n<div class=\"uacf7-form-1063\"><label>\n    <span class=\"wpcf7-form-control-wrap\" data-name=\"your-name\"><input size=\"40\" class=\"wpcf7-form-control wpcf7-text wpcf7-validates-as-required\" autocomplete=\"name\" aria-required=\"true\" aria-invalid=\"false\" placeholder=\"Nombre y Apellido*\" value=\"\" type=\"text\" name=\"your-name\" \/><\/span> <\/label> \n\n\n<div class=\"uacf7-row\"><div class=\"uacf7-col-6\">\n\n<label>\n    <span class=\"wpcf7-form-control-wrap\" data-name=\"Telfono\"><input size=\"40\" class=\"wpcf7-form-control wpcf7-text wpcf7-tel wpcf7-validates-as-tel\" aria-invalid=\"false\" placeholder=\"Tel\u00e9fono\" value=\"\" type=\"tel\" name=\"Telfono\" \/><\/span> <\/label>  \n\n<\/div><div class=\"uacf7-col-6\">\n\n <label> \n    <span class=\"wpcf7-form-control-wrap\" data-name=\"your-email\"><input size=\"40\" class=\"wpcf7-form-control wpcf7-text wpcf7-email wpcf7-validates-as-required wpcf7-validates-as-email\" autocomplete=\"email\" aria-required=\"true\" aria-invalid=\"false\" placeholder=\"Correo electr\u00f3nico*\" value=\"\" type=\"email\" name=\"your-email\" \/><\/span> <\/label>\n\n <\/div><\/div>\n\n\n <label> \n    <span class=\"wpcf7-form-control-wrap\" data-name=\"your-message\"><textarea cols=\"40\" rows=\"10\" class=\"wpcf7-form-control wpcf7-textarea\" aria-invalid=\"false\" placeholder=\"Mensaje\" name=\"your-message\"><\/textarea><\/span> <\/label> \n\n\n<label><span class=\"wpcf7-form-control-wrap\" data-name=\"privacidad\"><span class=\"wpcf7-form-control wpcf7-acceptance\"><span class=\"wpcf7-list-item\"><label><input type=\"checkbox\" name=\"privacidad\" value=\"1\" aria-invalid=\"false\" \/><span class=\"wpcf7-list-item-label\">He le\u00eddo y acepto la <a href=\"2m-entornosinteractivos.com\/ceipmenuts\/index.php\/privacy-policy-2\/\">pol\u00edtica de privacidad<\/a><\/span><\/label><\/span><\/span><\/span><\/label>\n\n<input class=\"wpcf7-form-control has-spinner wpcf7-submit\" type=\"submit\" value=\"Enviar\" \/><\/div><div class=\"wpcf7-response-output\" aria-hidden=\"true\"><\/div>\n<\/form>\n<\/div>\n<\/div>\n            <\/div>\t\t<\/div>\n\t\t\t\t<\/div>\n\t\t\t\t\t<\/div>\n\t\t<\/div>\n\t\t\t\t\t\t\t<\/div>\n\t\t<\/section>\n\t\t\t\t\t\t\t<\/div>\n\t\t","protected":false},"excerpt":{"rendered":"<p>\u00bfHablamos? Estamos a tu disposici\u00f3n para cualquier informaci\u00f3n que necesites. Contacta con nosotros Informaci\u00f3n de Contacto DIRECCI\u00d3N: C\/San Don\u00eds, 16 Bajo 46200 Paiporta (Valencia) CORREO: Ceimenuts@gmail.com TEL\u00c9FONO: Tel -+34963979391 \/ M\u00f3vil &#8211; 670346653 HORARIOS: De Lunes aViernes de 7:30h a 17:00h Abrimos en Agosto con grupo m\u00ednimo Notas sobre la protecci\u00f3n de datos RESPONSABLE TRATAMIENTO [&hellip;]<\/p>\n","protected":false},"author":1,"featured_media":0,"parent":0,"menu_order":0,"comment_status":"closed","ping_status":"closed","template":"elementor_header_footer","meta":[],"_links":{"self":[{"href":"https:\/\/2m-entornosinteractivos.com\/ceipmenuts\/index.php\/wp-json\/wp\/v2\/pages\/26"}],"collection":[{"href":"https:\/\/2m-entornosinteractivos.com\/ceipmenuts\/index.php\/wp-json\/wp\/v2\/pages"}],"about":[{"href":"https:\/\/2m-entornosinteractivos.com\/ceipmenuts\/index.php\/wp-json\/wp\/v2\/types\/page"}],"author":[{"embeddable":true,"href":"https:\/\/2m-entornosinteractivos.com\/ceipmenuts\/index.php\/wp-json\/wp\/v2\/users\/1"}],"replies":[{"embeddable":true,"href":"https:\/\/2m-entornosinteractivos.com\/ceipmenuts\/index.php\/wp-json\/wp\/v2\/comments?post=26"}],"version-history":[{"count":82,"href":"https:\/\/2m-entornosinteractivos.com\/ceipmenuts\/index.php\/wp-json\/wp\/v2\/pages\/26\/revisions"}],"predecessor-version":[{"id":3197,"href":"https:\/\/2m-entornosinteractivos.com\/ceipmenuts\/index.php\/wp-json\/wp\/v2\/pages\/26\/revisions\/3197"}],"wp:attachment":[{"href":"https:\/\/2m-entornosinteractivos.com\/ceipmenuts\/index.php\/wp-json\/wp\/v2\/media?parent=26"}],"curies":[{"name":"wp","href":"https:\/\/api.w.org\/{rel}","templated":true}]}}