{"id":2744,"date":"2023-04-11T14:01:58","date_gmt":"2023-04-11T14:01:58","guid":{"rendered":"https:\/\/2m-entornosinteractivos.com\/ceipmenuts\/?page_id=2744"},"modified":"2023-04-11T16:51:16","modified_gmt":"2023-04-11T16:51:16","slug":"politica-de-cookies","status":"publish","type":"page","link":"https:\/\/2m-entornosinteractivos.com\/ceipmenuts\/index.php\/politica-de-cookies\/","title":{"rendered":"Pol\u00edtica de cookies"},"content":{"rendered":"\t\t<div data-elementor-type=\"wp-page\" data-elementor-id=\"2744\" class=\"elementor elementor-2744\">\n\t\t\t\t\t\t\t\t\t<section class=\"elementor-section elementor-top-section elementor-element elementor-element-732b897 elementor-section-full_width elementor-section-height-min-height elementor-section-items-stretch elementor-section-content-middle elementor-section-height-default\" data-id=\"732b897\" data-element_type=\"section\">\n\t\t\t\t\t\t\t<div class=\"elementor-background-overlay\"><\/div>\n\t\t\t\t\t\t\t<div class=\"elementor-container elementor-column-gap-no\">\n\t\t\t\t\t<div class=\"elementor-column elementor-col-100 elementor-top-column elementor-element elementor-element-3bd1198\" data-id=\"3bd1198\" data-element_type=\"column\">\n\t\t\t<div class=\"elementor-widget-wrap elementor-element-populated\">\n\t\t\t\t\t\t\t\t<div class=\"elementor-element elementor-element-1df489c elementor-widget elementor-widget-heading\" data-id=\"1df489c\" data-element_type=\"widget\" data-widget_type=\"heading.default\">\n\t\t\t\t<div class=\"elementor-widget-container\">\n\t\t\t<style>\/*! elementor - v3.10.2 - 29-01-2023 *\/\n.elementor-heading-title{padding:0;margin:0;line-height:1}.elementor-widget-heading .elementor-heading-title[class*=elementor-size-]>a{color:inherit;font-size:inherit;line-height:inherit}.elementor-widget-heading .elementor-heading-title.elementor-size-small{font-size:15px}.elementor-widget-heading .elementor-heading-title.elementor-size-medium{font-size:19px}.elementor-widget-heading .elementor-heading-title.elementor-size-large{font-size:29px}.elementor-widget-heading .elementor-heading-title.elementor-size-xl{font-size:39px}.elementor-widget-heading .elementor-heading-title.elementor-size-xxl{font-size:59px}<\/style><h2 class=\"elementor-heading-title elementor-size-xxl\">Pol\u00edtica de cookies<\/h2>\t\t<\/div>\n\t\t\t\t<\/div>\n\t\t\t\t\t<\/div>\n\t\t<\/div>\n\t\t\t\t\t\t\t<\/div>\n\t\t<\/section>\n\t\t\t\t<section class=\"elementor-section elementor-top-section elementor-element elementor-element-ea4f93f elementor-section-boxed elementor-section-height-default elementor-section-height-default\" data-id=\"ea4f93f\" data-element_type=\"section\">\n\t\t\t\t\t\t<div class=\"elementor-container elementor-column-gap-default\">\n\t\t\t\t\t<div class=\"elementor-column elementor-col-100 elementor-top-column elementor-element elementor-element-8f540c1\" data-id=\"8f540c1\" data-element_type=\"column\">\n\t\t\t<div class=\"elementor-widget-wrap elementor-element-populated\">\n\t\t\t\t\t\t\t\t<div class=\"elementor-element elementor-element-94874ef elementor-widget elementor-widget-heading\" data-id=\"94874ef\" data-element_type=\"widget\" data-widget_type=\"heading.default\">\n\t\t\t\t<div class=\"elementor-widget-container\">\n\t\t\t<h2 class=\"elementor-heading-title elementor-size-default\">Informaci\u00f3n sobre las cookies<\/h2>\t\t<\/div>\n\t\t\t\t<\/div>\n\t\t\t\t<div class=\"elementor-element elementor-element-ad7629d elementor-widget elementor-widget-html\" data-id=\"ad7629d\" data-element_type=\"widget\" data-widget_type=\"html.default\">\n\t\t\t\t<div class=\"elementor-widget-container\">\n\t\t\t<div id=\"cookiefirst-policy-page\"><\/div>\r\n  <div>Esta pol\u00edtica de cookies ha sido creada y actualizada por <a href=\"https:\/\/cookiefirst.com\/es\/cookie-manager\/\">Cookie Management CookieFirst<\/a>.<\/div>\r\n  \t\t<\/div>\n\t\t\t\t<\/div>\n\t\t\t\t\t<\/div>\n\t\t<\/div>\n\t\t\t\t\t\t\t<\/div>\n\t\t<\/section>\n\t\t\t\t\t\t\t<\/div>\n\t\t","protected":false},"excerpt":{"rendered":"<p>Pol\u00edtica de cookies Informaci\u00f3n sobre las cookies Esta pol\u00edtica de cookies ha sido creada y actualizada por Cookie Management CookieFirst.<\/p>\n","protected":false},"author":1,"featured_media":0,"parent":0,"menu_order":0,"comment_status":"closed","ping_status":"closed","template":"","meta":[],"_links":{"self":[{"href":"https:\/\/2m-entornosinteractivos.com\/ceipmenuts\/index.php\/wp-json\/wp\/v2\/pages\/2744"}],"collection":[{"href":"https:\/\/2m-entornosinteractivos.com\/ceipmenuts\/index.php\/wp-json\/wp\/v2\/pages"}],"about":[{"href":"https:\/\/2m-entornosinteractivos.com\/ceipmenuts\/index.php\/wp-json\/wp\/v2\/types\/page"}],"author":[{"embeddable":true,"href":"https:\/\/2m-entornosinteractivos.com\/ceipmenuts\/index.php\/wp-json\/wp\/v2\/users\/1"}],"replies":[{"embeddable":true,"href":"https:\/\/2m-entornosinteractivos.com\/ceipmenuts\/index.php\/wp-json\/wp\/v2\/comments?post=2744"}],"version-history":[{"count":31,"href":"https:\/\/2m-entornosinteractivos.com\/ceipmenuts\/index.php\/wp-json\/wp\/v2\/pages\/2744\/revisions"}],"predecessor-version":[{"id":2783,"href":"https:\/\/2m-entornosinteractivos.com\/ceipmenuts\/index.php\/wp-json\/wp\/v2\/pages\/2744\/revisions\/2783"}],"wp:attachment":[{"href":"https:\/\/2m-entornosinteractivos.com\/ceipmenuts\/index.php\/wp-json\/wp\/v2\/media?parent=2744"}],"curies":[{"name":"wp","href":"https:\/\/api.w.org\/{rel}","templated":true}]}}